{"id":7923,"date":"2026-02-26T13:53:42","date_gmt":"2026-02-26T16:53:42","guid":{"rendered":"https:\/\/projazz.cl\/web\/?page_id=7923"},"modified":"2026-02-26T14:08:40","modified_gmt":"2026-02-26T17:08:40","slug":"calendario-academico-2026","status":"publish","type":"page","link":"https:\/\/projazz.cl\/web\/calendario-academico-2026\/","title":{"rendered":"Calendario Acad\u00e9mico 2026"},"content":{"rendered":"\n<h3 class=\"wp-block-heading\"><strong>Primer Semestre 2026<\/strong><\/h3>\n\n\n\n<p><\/p>\n\n\n\n<figure class=\"wp-block-table is-style-stripes\"><table class=\"has-fixed-layout\"><tbody><tr><td><strong>Proceso o Actividad<\/strong><\/td><td><strong>Grupo<\/strong><\/td><td><strong>Desde<\/strong><\/td><td><strong>Hasta<\/strong><\/td><\/tr><tr><td>Inicio de Inscripci\u00f3n al Proceso de Titulaci\u00f3n<\/td><td>Estudiantes Egresados<\/td><td>02 de enero<\/td><td>31 de marzo<\/td><\/tr><tr><td>Primera Ventana de Conciertos y Ex\u00e1menes de Titulo<\/td><td>Estudiantes Egresados<\/td><td>05 de enero<\/td><td>30 de enero<\/td><\/tr><tr><td>Publicaci\u00f3n Preseleccionados CAE Postulantes de octubre y noviembre<\/td><td>Estudiantes Postulantes<\/td><td>15 de enero<\/td><td>&nbsp;<\/td><\/tr><tr><td>Per\u00edodo ordinario de inscripci\u00f3n de asignaturas 1er Semestre<\/td><td>Administrativo\/ Acad\u00e9mico<\/td><td>02 de febrero<\/td><td>27 de febrero<\/td><\/tr><tr><td>Segundo periodo de Postulaci\u00f3n FUAS a Gratuidad, Becas y Cr\u00e9ditos<\/td><td>Estudiantes Postulantes<\/td><td>12 de febrero<\/td><td>12 de marzo<\/td><\/tr><tr><td>Periodo de solicitudes: asignaturas sin requisito, topes de horario, cambio de carrera, no inscripci\u00f3n de asignaturas reprobadas, sobrecarga.<\/td><td>Estudiantes &nbsp;<\/td><td>09 de marzo<\/td><td>27 de marzo<\/td><\/tr><tr><td>Primer Consejo General Docente \u2013 Periodo Acad\u00e9mico 2026<\/td><td>Acad\u00e9mico<\/td><td>10 de marzo<\/td><td>&nbsp;<\/td><\/tr><tr><td>Publicaci\u00f3n de resultados Asignaci\u00f3n Inicial de Gratuidad, Becas y FSCU para postulantes FUAS octubre &#8211; noviembre<\/td><td>Estudiantes Postulantes<\/td><td>10 de marzo<\/td><td>&nbsp;<\/td><\/tr><tr><td>Publicaci\u00f3n Seleccionados CAE de Primer a\u00f1o y de Curso Superior (postulantes octubre &#8211; noviembre)<\/td><td>Estudiantes Postulantes<\/td><td>12 de marzo &nbsp;<\/td><td>&nbsp;<\/td><\/tr><tr><td>Extensi\u00f3n de plazo postulaciones FUAS<\/td><td>Estudiantes Postulantes<\/td><td>12 de marzo<\/td><td>20 de marzo<\/td><\/tr><tr><td>Per\u00edodo de actividades de incorporaci\u00f3n a la vida acad\u00e9mica<\/td><td>Estudiantes Nuevos<\/td><td>12 de marzo<\/td><td>&nbsp;<\/td><\/tr><tr><td>Segunda Ventana de Conciertos y Ex\u00e1menes de Titulo<\/td><td>Estudiantes Egresados<\/td><td>16 de marzo<\/td><td>24 de julio<\/td><\/tr><tr><td>Inicio actividades acad\u00e9micas 1er Semestre<\/td><td>Comunidad Projazz<\/td><td>16 de marzo<\/td><td>&nbsp;<\/td><\/tr><tr><td>Per\u00edodo de ratificaci\u00f3n de carga acad\u00e9mica 1er semestre<\/td><td>Administrativo\/ Acad\u00e9mico<\/td><td>30 de marzo<\/td><td>03 de abril<\/td><\/tr><tr><td>Periodo de solicitudes de retiro temporal o definitivo 1er Semestre<\/td><td>Estudiantes<\/td><td>01 de abril<\/td><td>30 de abril<\/td><\/tr><tr><td>Viernes Santo. Feriado legal.<\/td><td>Comunidad Projazz<\/td><td>03 de abril<\/td><td>&nbsp;<\/td><\/tr><tr><td>S\u00e1bado Santo. Feriado legal.<\/td><td>Comunidad Projazz<\/td><td>04 de abril<\/td><td>&nbsp;<\/td><\/tr><tr><td>Ingreso de Primera Evaluaci\u00f3n Parcial del Semestre (Semana 5)<\/td><td>Acad\u00e9mico<\/td><td>13 de abril<\/td><td>17 de abril<\/td><\/tr><tr><td>Publicaci\u00f3n de: &#8211; Seleccionados CAE de Primer a\u00f1o y de Curso Superior (postulantes octubre &#8211; noviembre) y Curso Superior (postulantes febrero &#8211; marzo) &#8211; Preseleccionados CAE de Primer a\u00f1o (postulantes febrero &#8211; marzo)<\/td><td>Estudiantes Postulantes<\/td><td>16 de abril<\/td><td>&nbsp;<\/td><\/tr><tr><td>D\u00eda nacional del trabajo. Feriado legal.<\/td><td>Comunidad Projazz<\/td><td>01 de mayo<\/td><td>&nbsp;<\/td><\/tr><tr><td>Ingreso de Segunda Evaluaci\u00f3n Parcial del Semestre (Semana 10)<\/td><td>Acad\u00e9mico<\/td><td>18 de mayo<\/td><td>22 de mayo<\/td><\/tr><tr><td>D\u00edas de las Glorias Navales. Feriado legal.<\/td><td>Comunidad Projazz<\/td><td>21 de mayo<\/td><td>&nbsp;<\/td><\/tr><tr><td>Suspensi\u00f3n de actividades acad\u00e9micas y administrativas.<\/td><td>Comunidad Projazz<\/td><td>22 de mayo<\/td><td>&nbsp;<\/td><\/tr><tr><td>Publicaci\u00f3n de resultados Asignaci\u00f3n Inicial y Renovantes de Gratuidad, Becas y FSCU para postulantes FUAS y resultados de apelaci\u00f3n<\/td><td>Estudiantes Postulantes<\/td><td>27 de mayo<\/td><td>&nbsp;<\/td><\/tr><tr><td>Publicaci\u00f3n Resultados Renovaci\u00f3n Proceso Normal CAE<\/td><td>Estudiantes Postulantes<\/td><td>03 de junio<\/td><td>&nbsp;<\/td><\/tr><tr><td>Evaluaci\u00f3n Docente 1er Semestre<\/td><td>Administrativo\/ Acad\u00e9mico<\/td><td>08 de junio<\/td><td>19 de junio<\/td><\/tr><tr><td>Resultados CAE Seleccionados Finales Postulantes octubre &#8211; noviembre y febrero &#8211; marzo<\/td><td>Estudiantes Postulantes<\/td><td>09 de junio<\/td><td>&nbsp;<\/td><\/tr><tr><td>Ingreso de Tercera Evaluaci\u00f3n Parcial del Semestre (Semana 15)<\/td><td>Acad\u00e9mico<\/td><td>22 de junio<\/td><td>26 de junio<\/td><\/tr><tr><td>Publicaci\u00f3n calendario ex\u00e1menes 1er semestre<\/td><td>Acad\u00e9mico &nbsp;<\/td><td>22 de junio<\/td><td>&nbsp;<\/td><\/tr><tr><td>San Pedro y San Pablo. Feriado legal.<\/td><td>Comunidad Projazz<\/td><td>29 de junio<\/td><td>&nbsp;<\/td><\/tr><tr><td>\u00daltimo plazo para ingreso de notas parciales, evaluaciones recuperativas y cierre de notas para presentaci\u00f3n a examen, asignaturas 1er Semestre<\/td><td>Administrativo\/ Acad\u00e9mico<\/td><td>29 de junio<\/td><td>03 de julio<\/td><\/tr><tr><td>Ex\u00e1menes de primera instancia \u2013 Primera Semestre<\/td><td>Estudiantes\/ Acad\u00e9mico<\/td><td>06 de julio<\/td><td>17 de julio<\/td><\/tr><tr><td>D\u00eda de la Virgen del Carmen. Feriado legal.<\/td><td>Comunidad Projazz<\/td><td>16 de julio<\/td><td>&nbsp;<\/td><\/tr><tr><td>Ex\u00e1menes de segunda instancia \u2013 Primera Semestre<\/td><td>Estudiantes\/ &nbsp;<\/td><td>20 de julio<\/td><td>24 de julio<\/td><\/tr><tr><td>Periodo de Vacaciones de Invierno<\/td><td>Comunidad Projazz<\/td><td>27 de julio<\/td><td>07 de agosto<\/td><\/tr><tr><td>Publicaci\u00f3n de resultados Asignaci\u00f3n Inicial y Renovantes de Gratuidad, Becas y FSCU para postulantes FUAS y resultados de apelaci\u00f3n<\/td><td>Estudiantes Postulantes<\/td><td>30 de julio<\/td><td>&nbsp;<\/td><\/tr><tr><td>Periodo de Asignaturas Remediales<\/td><td>Acad\u00e9mico<\/td><td>03 de agosto<\/td><td>07 de agosto<\/td><\/tr><\/tbody><\/table><\/figure>\n\n\n\n<p>*informaci\u00f3n sujeta a modificaciones<\/p>\n\n\n\n<h3 class=\"wp-block-heading\"><strong>Segundo Semestre 2026<\/strong><\/h3>\n\n\n\n<p><\/p>\n\n\n\n<figure class=\"wp-block-table is-style-stripes\"><table class=\"has-fixed-layout\"><tbody><tr><td><strong>Proceso o Actividad<\/strong><\/td><td><strong>Grupo<\/strong><\/td><td><strong>Desde<\/strong><\/td><td><strong>Hasta<\/strong><\/td><\/tr><tr><td>Per\u00edodo ordinario de inscripci\u00f3n de asignaturas<\/td><td>Administrativo\/ Acad\u00e9mico<\/td><td>03 de agosto<\/td><td>07 de agosto<\/td><\/tr><tr><td>Segundo Consejo General Docente \u2013 Periodo Acad\u00e9mico 2026<\/td><td>Acad\u00e9mico<\/td><td>04 de agosto<\/td><td>&nbsp;<\/td><\/tr><tr><td>Periodo de solicitudes: asignaturas sin requisito, topes de horario, cambio de carrera, no inscripci\u00f3n de asignaturas reprobadas, sobrecarga<\/td><td>Estudiantes<\/td><td>03 de agosto<\/td><td>21 de agosto<\/td><\/tr><tr><td>Periodo de solicitudes de retiro temporal o definitivo 2do Semestre<\/td><td>Estudiantes<\/td><td>03 de agosto<\/td><td>28 de agosto<\/td><\/tr><tr><td>Inicio actividades acad\u00e9micas 2do Semestre<\/td><td>Comunidad Projazz<\/td><td>10 de agosto<\/td><td>&nbsp;<\/td><\/tr><tr><td>Asunci\u00f3n de la Sant\u00edsima Virgen. Feriado legal.<\/td><td>Comunidad Projazz<\/td><td>15 de agosto<\/td><td>&nbsp;<\/td><\/tr><tr><td>Ceremonia de Titulaci\u00f3n<\/td><td>Estudiantes Titulados<\/td><td>22 de agosto<\/td><td>&nbsp;<\/td><\/tr><tr><td>Per\u00edodo de ratificaci\u00f3n de carga acad\u00e9mica 2do Semestre<\/td><td>Administrativo\/ Acad\u00e9mico<\/td><td>24 de agosto<\/td><td>28 de agosto<\/td><\/tr><tr><td>Inicio proceso de admisi\u00f3n 2027<\/td><td>Administrativo<\/td><td>01 de septiembre<\/td><td>&nbsp;<\/td><\/tr><tr><td>Ingreso de Primera Evaluaci\u00f3n Parcial del Semestre (Semana 5)<\/td><td>Acad\u00e9mico<\/td><td>07 de septiembre<\/td><td>11 de septiembre<\/td><\/tr><tr><td>Se suspenden las actividades a partir de las 13:20 horas.<\/td><td>Comunidad Projazz<\/td><td>11 de septiembre<\/td><td>&nbsp;<\/td><\/tr><tr><td>Receso Acad\u00e9mico de Fiestas Patrias. Suspensi\u00f3n de actividades.<\/td><td>Comunidad Projazz &nbsp;<\/td><td>14 de septiembre<\/td><td>17 de septiembre<\/td><\/tr><tr><td>Independencia nacional. Feriado legal.<\/td><td>Comunidad Projazz &nbsp;<\/td><td>18 de septiembre<\/td><td>&nbsp;<\/td><\/tr><tr><td>D\u00eda de las Glorias del Ej\u00e9rcito. Feriado legal.<\/td><td>Comunidad Projazz &nbsp;<\/td><td>19 de septiembre<\/td><td>&nbsp;<\/td><\/tr><tr><td>Tercera Ventana de Conciertos y Ex\u00e1menes de Titulo<\/td><td>Estudiantes Egresados<\/td><td>10 de octubre<\/td><td>&nbsp;18 de diciembre<\/td><\/tr><tr><td>Celebraci\u00f3n del D\u00eda del Encuentro de Dos Mundos. Feriado legal.<\/td><td>Comunidad Projazz<\/td><td>12 de octubre<\/td><td>&nbsp;<\/td><\/tr><tr><td>Ingreso de Segunda Evaluaci\u00f3n Parcial del Semestre (Semana 9)<\/td><td>Acad\u00e9mico<\/td><td>13 de octubre<\/td><td>16 de octubre<\/td><\/tr><tr><td>Publicaci\u00f3n de resultados Asignaci\u00f3n Inicial y Renovantes de Gratuidad, Becas y FSCU para postulantes FUAS y resultados de apelaci\u00f3n (sitio web). Contiene resultados de reincorporaci\u00f3n por suspensi\u00f3n primer semestre.<\/td><td>Estudiantes Postulantes &nbsp;<\/td><td>15 de octubre<\/td><td>&nbsp;<\/td><\/tr><tr><td>Publicaci\u00f3n de renovaci\u00f3n rezagada final CAE<\/td><td>Estudiantes Postulantes<\/td><td>21 de octubre<\/td><td>&nbsp;<\/td><\/tr><tr><td>Publicaci\u00f3n Seleccionados Finales Rezagados CAE<\/td><td>Estudiantes Postulantes<\/td><td>27 de octubre<\/td><td>&nbsp;<\/td><\/tr><tr><td>D\u00eda de las Iglesias Evang\u00e9licas y Protestantes. Feriado legal.<\/td><td>Comunidad Projazz<\/td><td>31 de octubre<\/td><td>&nbsp;<\/td><\/tr><tr><td>D\u00eda de Todos los Santos. Feriado legal.<\/td><td>Comunidad Projazz<\/td><td>01 de noviembre<\/td><td>&nbsp;<\/td><\/tr><tr><td>Evaluaci\u00f3n docente 2do Semestre<\/td><td>Administrativo\/ Acad\u00e9mico<\/td><td>02 de noviembre<\/td><td>13 de noviembre<\/td><\/tr><tr><td>Ingreso de Tercera Evaluaci\u00f3n Parcial del Semestre (Semana 14)<\/td><td>Acad\u00e9mico<\/td><td>16 de noviembre<\/td><td>20 de noviembre<\/td><\/tr><tr><td>Publicaci\u00f3n calendario ex\u00e1menes 2do Semestre<\/td><td>Acad\u00e9mico &nbsp;<\/td><td>16 de noviembre<\/td><td>&nbsp;<\/td><\/tr><tr><td>\u00daltimo plazo para ingreso de notas parciales, evaluaciones recuperativas y cierre de notas para presentaci\u00f3n a examen, asignaturas 2ndo Semestre<\/td><td>Administrativo\/ Acad\u00e9mico<\/td><td>23 de noviembre<\/td><td>27 de noviembre<\/td><\/tr><tr><td>Ex\u00e1menes de primera instancia \u2013 Segundo Semestre<\/td><td>Estudiantes\/ Acad\u00e9micos<\/td><td>30 de noviembre<\/td><td>11 de diciembre<\/td><\/tr><tr><td>D\u00eda de la Inmaculada Concepci\u00f3n. Feriado legal.<\/td><td>Comunidad Projazz<\/td><td>08 de diciembre<\/td><td>&nbsp;<\/td><\/tr><tr><td>Ex\u00e1menes de segunda instancia \u2013 Segundo Semestre<\/td><td>Estudiantes\/ Acad\u00e9micos<\/td><td>14 de diciembre<\/td><td>18 de diciembre<\/td><\/tr><tr><td>Suspensi\u00f3n de actividades acad\u00e9micas y administrativas.<\/td><td>Comunidad Projazz<\/td><td>24 de diciembre<\/td><td>&nbsp;<\/td><\/tr><tr><td>Natividad del Se\u00f1or. Feriado legal.<\/td><td>Comunidad Projazz<\/td><td>25 de diciembre<\/td><td>&nbsp;<\/td><\/tr><tr><td>Suspensi\u00f3n de actividades acad\u00e9micas y administrativas.<\/td><td>Comunidad Projazz<\/td><td>31 de diciembre<\/td><td>&nbsp;<\/td><\/tr><tr><td>A\u00f1o Nuevo. Feriado legal.<\/td><td>Comunidad Projazz<\/td><td>01 de enero<\/td><td>&nbsp;<\/td><\/tr><tr><td>Tercer Consejo General Docente \u2013 Periodo Acad\u00e9mico 2026<\/td><td>Acad\u00e9mico<\/td><td>05 de enero<\/td><td>&nbsp;<\/td><\/tr><tr><td>Inscripci\u00f3n Proceso de Titulaci\u00f3n<\/td><td>Estudiantes Egresados<\/td><td>04 de enero<\/td><td>31 de marzo<\/td><\/tr><tr><td>Periodo asignaturas remediales<\/td><td>Estudiantes<\/td><td>11 de enero<\/td><td>15 de enero<\/td><\/tr><\/tbody><\/table><\/figure>\n\n\n\n<p>*informaci\u00f3n sujeta a modificaciones<\/p>\n","protected":false},"excerpt":{"rendered":"<p>Primer Semestre 2026 Proceso o Actividad Grupo Desde Hasta Inicio de Inscripci\u00f3n al Proceso de Titulaci\u00f3n Estudiantes Egresados 02 de enero 31 de marzo Primera Ventana de Conciertos y Ex\u00e1menes de Titulo Estudiantes Egresados 05 de enero 30 de enero Publicaci\u00f3n Preseleccionados CAE Postulantes de octubre y noviembre Estudiantes Postulantes 15 de enero &nbsp; Per\u00edodo &hellip;<\/p>\n<p class=\"read-more\"> <a class=\"\" href=\"https:\/\/projazz.cl\/web\/calendario-academico-2026\/\"> <span class=\"screen-reader-text\">Calendario Acad\u00e9mico 2026<\/span> Read More &raquo;<\/a><\/p>\n","protected":false},"author":1,"featured_media":272,"parent":0,"menu_order":0,"comment_status":"closed","ping_status":"closed","template":"","meta":{"footnotes":""},"class_list":["post-7923","page","type-page","status-publish","has-post-thumbnail","hentry"],"yoast_head":"<!-- This site is optimized with the Yoast SEO plugin v26.3 - https:\/\/yoast.com\/wordpress\/plugins\/seo\/ -->\n<title>Calendario Acad\u00e9mico 2026 - Projazz<\/title>\n<meta name=\"robots\" content=\"index, follow, max-snippet:-1, max-image-preview:large, max-video-preview:-1\" \/>\n<link rel=\"canonical\" href=\"https:\/\/projazz.cl\/web\/calendario-academico-2026\/\" \/>\n<meta property=\"og:locale\" content=\"es_ES\" \/>\n<meta property=\"og:type\" content=\"article\" \/>\n<meta property=\"og:title\" content=\"Calendario Acad\u00e9mico 2026 - Projazz\" \/>\n<meta property=\"og:description\" content=\"Primer Semestre 2026 Proceso o Actividad Grupo Desde Hasta Inicio de Inscripci\u00f3n al Proceso de Titulaci\u00f3n Estudiantes Egresados 02 de enero 31 de marzo Primera Ventana de Conciertos y Ex\u00e1menes de Titulo Estudiantes Egresados 05 de enero 30 de enero Publicaci\u00f3n Preseleccionados CAE Postulantes de octubre y noviembre Estudiantes Postulantes 15 de enero &nbsp; Per\u00edodo &hellip; Calendario Acad\u00e9mico 2026 Read More &raquo;\" \/>\n<meta property=\"og:url\" content=\"https:\/\/projazz.cl\/web\/calendario-academico-2026\/\" \/>\n<meta property=\"og:site_name\" content=\"Projazz\" \/>\n<meta property=\"article:publisher\" content=\"https:\/\/www.facebook.com\/projazzchile\" \/>\n<meta property=\"article:modified_time\" content=\"2026-02-26T17:08:40+00:00\" \/>\n<meta property=\"og:image\" content=\"https:\/\/projazz.cl\/web\/wp-content\/uploads\/2024\/10\/slider-15.jpg\" \/>\n\t<meta property=\"og:image:width\" content=\"2540\" \/>\n\t<meta property=\"og:image:height\" content=\"1429\" \/>\n\t<meta property=\"og:image:type\" content=\"image\/jpeg\" \/>\n<meta name=\"twitter:card\" content=\"summary_large_image\" \/>\n<meta name=\"twitter:label1\" content=\"Tiempo estimado de lectura\" \/>\n\t<meta name=\"twitter:data1\" content=\"6 minutos\" \/>\n<script type=\"application\/ld+json\" class=\"yoast-schema-graph\">{\"@context\":\"https:\/\/schema.org\",\"@graph\":[{\"@type\":\"WebPage\",\"@id\":\"https:\/\/projazz.cl\/web\/calendario-academico-2026\/\",\"url\":\"https:\/\/projazz.cl\/web\/calendario-academico-2026\/\",\"name\":\"Calendario Acad\u00e9mico 2026 - Projazz\",\"isPartOf\":{\"@id\":\"https:\/\/projazz.cl\/web\/#website\"},\"primaryImageOfPage\":{\"@id\":\"https:\/\/projazz.cl\/web\/calendario-academico-2026\/#primaryimage\"},\"image\":{\"@id\":\"https:\/\/projazz.cl\/web\/calendario-academico-2026\/#primaryimage\"},\"thumbnailUrl\":\"https:\/\/projazz.cl\/web\/wp-content\/uploads\/2024\/10\/slider-15.jpg\",\"datePublished\":\"2026-02-26T16:53:42+00:00\",\"dateModified\":\"2026-02-26T17:08:40+00:00\",\"breadcrumb\":{\"@id\":\"https:\/\/projazz.cl\/web\/calendario-academico-2026\/#breadcrumb\"},\"inLanguage\":\"es-CL\",\"potentialAction\":[{\"@type\":\"ReadAction\",\"target\":[\"https:\/\/projazz.cl\/web\/calendario-academico-2026\/\"]}]},{\"@type\":\"ImageObject\",\"inLanguage\":\"es-CL\",\"@id\":\"https:\/\/projazz.cl\/web\/calendario-academico-2026\/#primaryimage\",\"url\":\"https:\/\/projazz.cl\/web\/wp-content\/uploads\/2024\/10\/slider-15.jpg\",\"contentUrl\":\"https:\/\/projazz.cl\/web\/wp-content\/uploads\/2024\/10\/slider-15.jpg\",\"width\":2540,\"height\":1429},{\"@type\":\"BreadcrumbList\",\"@id\":\"https:\/\/projazz.cl\/web\/calendario-academico-2026\/#breadcrumb\",\"itemListElement\":[{\"@type\":\"ListItem\",\"position\":1,\"name\":\"Portada\",\"item\":\"https:\/\/projazz.cl\/web\/\"},{\"@type\":\"ListItem\",\"position\":2,\"name\":\"Calendario Acad\u00e9mico 2026\"}]},{\"@type\":\"WebSite\",\"@id\":\"https:\/\/projazz.cl\/web\/#website\",\"url\":\"https:\/\/projazz.cl\/web\/\",\"name\":\"Projazz\",\"description\":\"Instituto Profesional \",\"publisher\":{\"@id\":\"https:\/\/projazz.cl\/web\/#organization\"},\"potentialAction\":[{\"@type\":\"SearchAction\",\"target\":{\"@type\":\"EntryPoint\",\"urlTemplate\":\"https:\/\/projazz.cl\/web\/?s={search_term_string}\"},\"query-input\":{\"@type\":\"PropertyValueSpecification\",\"valueRequired\":true,\"valueName\":\"search_term_string\"}}],\"inLanguage\":\"es-CL\"},{\"@type\":\"Organization\",\"@id\":\"https:\/\/projazz.cl\/web\/#organization\",\"name\":\"Projazz\",\"url\":\"https:\/\/projazz.cl\/web\/\",\"logo\":{\"@type\":\"ImageObject\",\"inLanguage\":\"es-CL\",\"@id\":\"https:\/\/projazz.cl\/web\/#\/schema\/logo\/image\/\",\"url\":\"https:\/\/projazz.cl\/web\/wp-content\/uploads\/2024\/10\/brand-projazz2.svg\",\"contentUrl\":\"https:\/\/projazz.cl\/web\/wp-content\/uploads\/2024\/10\/brand-projazz2.svg\",\"width\":161,\"height\":41,\"caption\":\"Projazz\"},\"image\":{\"@id\":\"https:\/\/projazz.cl\/web\/#\/schema\/logo\/image\/\"},\"sameAs\":[\"https:\/\/www.facebook.com\/projazzchile\",\"https:\/\/www.instagram.com\/projazzchile\"]}]}<\/script>\n<!-- \/ Yoast SEO plugin. -->","yoast_head_json":{"title":"Calendario Acad\u00e9mico 2026 - Projazz","robots":{"index":"index","follow":"follow","max-snippet":"max-snippet:-1","max-image-preview":"max-image-preview:large","max-video-preview":"max-video-preview:-1"},"canonical":"https:\/\/projazz.cl\/web\/calendario-academico-2026\/","og_locale":"es_ES","og_type":"article","og_title":"Calendario Acad\u00e9mico 2026 - Projazz","og_description":"Primer Semestre 2026 Proceso o Actividad Grupo Desde Hasta Inicio de Inscripci\u00f3n al Proceso de Titulaci\u00f3n Estudiantes Egresados 02 de enero 31 de marzo Primera Ventana de Conciertos y Ex\u00e1menes de Titulo Estudiantes Egresados 05 de enero 30 de enero Publicaci\u00f3n Preseleccionados CAE Postulantes de octubre y noviembre Estudiantes Postulantes 15 de enero &nbsp; Per\u00edodo &hellip; Calendario Acad\u00e9mico 2026 Read More &raquo;","og_url":"https:\/\/projazz.cl\/web\/calendario-academico-2026\/","og_site_name":"Projazz","article_publisher":"https:\/\/www.facebook.com\/projazzchile","article_modified_time":"2026-02-26T17:08:40+00:00","og_image":[{"width":2540,"height":1429,"url":"https:\/\/projazz.cl\/web\/wp-content\/uploads\/2024\/10\/slider-15.jpg","type":"image\/jpeg"}],"twitter_card":"summary_large_image","twitter_misc":{"Tiempo estimado de lectura":"6 minutos"},"schema":{"@context":"https:\/\/schema.org","@graph":[{"@type":"WebPage","@id":"https:\/\/projazz.cl\/web\/calendario-academico-2026\/","url":"https:\/\/projazz.cl\/web\/calendario-academico-2026\/","name":"Calendario Acad\u00e9mico 2026 - Projazz","isPartOf":{"@id":"https:\/\/projazz.cl\/web\/#website"},"primaryImageOfPage":{"@id":"https:\/\/projazz.cl\/web\/calendario-academico-2026\/#primaryimage"},"image":{"@id":"https:\/\/projazz.cl\/web\/calendario-academico-2026\/#primaryimage"},"thumbnailUrl":"https:\/\/projazz.cl\/web\/wp-content\/uploads\/2024\/10\/slider-15.jpg","datePublished":"2026-02-26T16:53:42+00:00","dateModified":"2026-02-26T17:08:40+00:00","breadcrumb":{"@id":"https:\/\/projazz.cl\/web\/calendario-academico-2026\/#breadcrumb"},"inLanguage":"es-CL","potentialAction":[{"@type":"ReadAction","target":["https:\/\/projazz.cl\/web\/calendario-academico-2026\/"]}]},{"@type":"ImageObject","inLanguage":"es-CL","@id":"https:\/\/projazz.cl\/web\/calendario-academico-2026\/#primaryimage","url":"https:\/\/projazz.cl\/web\/wp-content\/uploads\/2024\/10\/slider-15.jpg","contentUrl":"https:\/\/projazz.cl\/web\/wp-content\/uploads\/2024\/10\/slider-15.jpg","width":2540,"height":1429},{"@type":"BreadcrumbList","@id":"https:\/\/projazz.cl\/web\/calendario-academico-2026\/#breadcrumb","itemListElement":[{"@type":"ListItem","position":1,"name":"Portada","item":"https:\/\/projazz.cl\/web\/"},{"@type":"ListItem","position":2,"name":"Calendario Acad\u00e9mico 2026"}]},{"@type":"WebSite","@id":"https:\/\/projazz.cl\/web\/#website","url":"https:\/\/projazz.cl\/web\/","name":"Projazz","description":"Instituto Profesional ","publisher":{"@id":"https:\/\/projazz.cl\/web\/#organization"},"potentialAction":[{"@type":"SearchAction","target":{"@type":"EntryPoint","urlTemplate":"https:\/\/projazz.cl\/web\/?s={search_term_string}"},"query-input":{"@type":"PropertyValueSpecification","valueRequired":true,"valueName":"search_term_string"}}],"inLanguage":"es-CL"},{"@type":"Organization","@id":"https:\/\/projazz.cl\/web\/#organization","name":"Projazz","url":"https:\/\/projazz.cl\/web\/","logo":{"@type":"ImageObject","inLanguage":"es-CL","@id":"https:\/\/projazz.cl\/web\/#\/schema\/logo\/image\/","url":"https:\/\/projazz.cl\/web\/wp-content\/uploads\/2024\/10\/brand-projazz2.svg","contentUrl":"https:\/\/projazz.cl\/web\/wp-content\/uploads\/2024\/10\/brand-projazz2.svg","width":161,"height":41,"caption":"Projazz"},"image":{"@id":"https:\/\/projazz.cl\/web\/#\/schema\/logo\/image\/"},"sameAs":["https:\/\/www.facebook.com\/projazzchile","https:\/\/www.instagram.com\/projazzchile"]}]}},"_links":{"self":[{"href":"https:\/\/projazz.cl\/web\/wp-json\/wp\/v2\/pages\/7923","targetHints":{"allow":["GET"]}}],"collection":[{"href":"https:\/\/projazz.cl\/web\/wp-json\/wp\/v2\/pages"}],"about":[{"href":"https:\/\/projazz.cl\/web\/wp-json\/wp\/v2\/types\/page"}],"author":[{"embeddable":true,"href":"https:\/\/projazz.cl\/web\/wp-json\/wp\/v2\/users\/1"}],"replies":[{"embeddable":true,"href":"https:\/\/projazz.cl\/web\/wp-json\/wp\/v2\/comments?post=7923"}],"version-history":[{"count":3,"href":"https:\/\/projazz.cl\/web\/wp-json\/wp\/v2\/pages\/7923\/revisions"}],"predecessor-version":[{"id":7926,"href":"https:\/\/projazz.cl\/web\/wp-json\/wp\/v2\/pages\/7923\/revisions\/7926"}],"wp:featuredmedia":[{"embeddable":true,"href":"https:\/\/projazz.cl\/web\/wp-json\/wp\/v2\/media\/272"}],"wp:attachment":[{"href":"https:\/\/projazz.cl\/web\/wp-json\/wp\/v2\/media?parent=7923"}],"curies":[{"name":"wp","href":"https:\/\/api.w.org\/{rel}","templated":true}]}}