{"id":7040,"date":"2025-10-13T16:24:25","date_gmt":"2025-10-13T19:24:25","guid":{"rendered":"https:\/\/projazz.cl\/web\/?page_id=7040"},"modified":"2025-10-13T16:50:35","modified_gmt":"2025-10-13T19:50:35","slug":"certificados-y-otros-documentos","status":"publish","type":"page","link":"https:\/\/projazz.cl\/web\/certificados-y-otros-documentos\/","title":{"rendered":"Certificados y otros documentos"},"content":{"rendered":"\n<p>Estimados\/as alumnos\/as y exalumnos\/as,<\/p>\n\n\n\n<p>A continuaci\u00f3n, se detallan los certificados disponibles para su solicitud y entrega:<\/p>\n\n\n\n<figure class=\"wp-block-table\"><table class=\"has-fixed-layout\"><tbody><tr><td><strong>Tipo documento<\/strong><\/td><td><strong>Valor<\/strong><\/td><td><strong>Solicitud<\/strong><\/td><\/tr><tr><td>Matr\u00edcula y arancel<\/td><td>Gratuito<\/td><td rowspan=\"2\"><a href=\"mailto:daf@projazz.cl\">daf@projazz.cl<\/a><\/td><\/tr><tr><td>Certificado Deuda<\/td><td>Gratuito<\/td><\/tr><tr><td>Certificado alumno\/a regular<\/td><td>Gratuito<\/td><td rowspan=\"11\"><a href=\"mailto:registro.academico@projazz.cl\">registro.academico@projazz.cl<\/a><\/td><\/tr><tr><td>Certificado exalumno\/a regular<\/td><td>Gratuito<\/td><\/tr><tr><td>Concentraci\u00f3n de notas<\/td><td>Gratuito<\/td><\/tr><tr><td>Certificado de semestres cursados<\/td><td>Gratuito<\/td><\/tr><tr><td>Certificado de horas cursadas<\/td><td>Gratuito<\/td><\/tr><tr><td>Certificado de Egreso<\/td><td>Gratuito<\/td><\/tr><tr><td>Certificado de T\u00edtulo en Tr\u00e1mite<\/td><td>Gratuito<\/td><\/tr><tr><td>Certificado de T\u00edtulo<\/td><td>Gratuito<\/td><\/tr><tr><td>Diploma de T\u00edtulo<\/td><td>Gratuito<\/td><\/tr><tr><td>Copia Diploma de T\u00edtulo<\/td><td>$5.000<\/td><\/tr><tr><td>Programadas de Estudios (valor por asignatura) *Alumnos\/as titulados tienen un 50% valor total<\/td><td>$2.600<\/td><\/tr><\/tbody><\/table><\/figure>\n\n\n\n<p><strong><u>Importante:<\/u><\/strong><\/p>\n\n\n\n<p>Para solicitar cualquiera de estos certificados, se debe escribir al correo correspondiente, indicando nombre completo y RUT.<\/p>\n\n\n\n<p>Plazo m\u00e1ximo de entrega <strong>: 10 d\u00edas h\u00e1biles<\/strong>&nbsp;contado desde la presentaci\u00f3n de la respectiva solicitud.<\/p>\n","protected":false},"excerpt":{"rendered":"<p>Estimados\/as alumnos\/as y exalumnos\/as, A continuaci\u00f3n, se detallan los certificados disponibles para su solicitud y entrega: Tipo documento Valor Solicitud Matr\u00edcula y arancel Gratuito daf@projazz.cl Certificado Deuda Gratuito Certificado alumno\/a regular Gratuito registro.academico@projazz.cl Certificado exalumno\/a regular Gratuito Concentraci\u00f3n de notas Gratuito Certificado de semestres cursados Gratuito Certificado de horas cursadas Gratuito Certificado de Egreso Gratuito &hellip;<\/p>\n<p class=\"read-more\"> <a class=\"\" href=\"https:\/\/projazz.cl\/web\/certificados-y-otros-documentos\/\"> <span class=\"screen-reader-text\">Certificados y otros documentos<\/span> Read More &raquo;<\/a><\/p>\n","protected":false},"author":1,"featured_media":66,"parent":0,"menu_order":0,"comment_status":"closed","ping_status":"closed","template":"","meta":{"footnotes":""},"class_list":["post-7040","page","type-page","status-publish","has-post-thumbnail","hentry"],"yoast_head":"<!-- This site is optimized with the Yoast SEO plugin v26.3 - https:\/\/yoast.com\/wordpress\/plugins\/seo\/ -->\n<title>Certificados y otros documentos - Projazz<\/title>\n<meta name=\"robots\" content=\"index, follow, max-snippet:-1, max-image-preview:large, max-video-preview:-1\" \/>\n<link rel=\"canonical\" href=\"https:\/\/projazz.cl\/web\/certificados-y-otros-documentos\/\" \/>\n<meta property=\"og:locale\" content=\"es_ES\" \/>\n<meta property=\"og:type\" content=\"article\" \/>\n<meta property=\"og:title\" content=\"Certificados y otros documentos - Projazz\" \/>\n<meta property=\"og:description\" content=\"Estimados\/as alumnos\/as y exalumnos\/as, A continuaci\u00f3n, se detallan los certificados disponibles para su solicitud y entrega: Tipo documento Valor Solicitud Matr\u00edcula y arancel Gratuito daf@projazz.cl Certificado Deuda Gratuito Certificado alumno\/a regular Gratuito registro.academico@projazz.cl Certificado exalumno\/a regular Gratuito Concentraci\u00f3n de notas Gratuito Certificado de semestres cursados Gratuito Certificado de horas cursadas Gratuito Certificado de Egreso Gratuito &hellip; Certificados y otros documentos Read More &raquo;\" \/>\n<meta property=\"og:url\" content=\"https:\/\/projazz.cl\/web\/certificados-y-otros-documentos\/\" \/>\n<meta property=\"og:site_name\" content=\"Projazz\" \/>\n<meta property=\"article:publisher\" content=\"https:\/\/www.facebook.com\/projazzchile\" \/>\n<meta property=\"article:modified_time\" content=\"2025-10-13T19:50:35+00:00\" \/>\n<meta property=\"og:image\" content=\"https:\/\/projazz.cl\/web\/wp-content\/uploads\/2024\/10\/slider-admision-2025-2.jpg\" \/>\n\t<meta property=\"og:image:width\" content=\"2540\" \/>\n\t<meta property=\"og:image:height\" content=\"767\" \/>\n\t<meta property=\"og:image:type\" content=\"image\/jpeg\" \/>\n<meta name=\"twitter:card\" content=\"summary_large_image\" \/>\n<meta name=\"twitter:label1\" content=\"Tiempo estimado de lectura\" \/>\n\t<meta name=\"twitter:data1\" content=\"1 minuto\" \/>\n<script type=\"application\/ld+json\" class=\"yoast-schema-graph\">{\"@context\":\"https:\/\/schema.org\",\"@graph\":[{\"@type\":\"WebPage\",\"@id\":\"https:\/\/projazz.cl\/web\/certificados-y-otros-documentos\/\",\"url\":\"https:\/\/projazz.cl\/web\/certificados-y-otros-documentos\/\",\"name\":\"Certificados y otros documentos - Projazz\",\"isPartOf\":{\"@id\":\"https:\/\/projazz.cl\/web\/#website\"},\"primaryImageOfPage\":{\"@id\":\"https:\/\/projazz.cl\/web\/certificados-y-otros-documentos\/#primaryimage\"},\"image\":{\"@id\":\"https:\/\/projazz.cl\/web\/certificados-y-otros-documentos\/#primaryimage\"},\"thumbnailUrl\":\"https:\/\/projazz.cl\/web\/wp-content\/uploads\/2024\/10\/slider-admision-2025-2.jpg\",\"datePublished\":\"2025-10-13T19:24:25+00:00\",\"dateModified\":\"2025-10-13T19:50:35+00:00\",\"breadcrumb\":{\"@id\":\"https:\/\/projazz.cl\/web\/certificados-y-otros-documentos\/#breadcrumb\"},\"inLanguage\":\"es-CL\",\"potentialAction\":[{\"@type\":\"ReadAction\",\"target\":[\"https:\/\/projazz.cl\/web\/certificados-y-otros-documentos\/\"]}]},{\"@type\":\"ImageObject\",\"inLanguage\":\"es-CL\",\"@id\":\"https:\/\/projazz.cl\/web\/certificados-y-otros-documentos\/#primaryimage\",\"url\":\"https:\/\/projazz.cl\/web\/wp-content\/uploads\/2024\/10\/slider-admision-2025-2.jpg\",\"contentUrl\":\"https:\/\/projazz.cl\/web\/wp-content\/uploads\/2024\/10\/slider-admision-2025-2.jpg\",\"width\":2540,\"height\":767},{\"@type\":\"BreadcrumbList\",\"@id\":\"https:\/\/projazz.cl\/web\/certificados-y-otros-documentos\/#breadcrumb\",\"itemListElement\":[{\"@type\":\"ListItem\",\"position\":1,\"name\":\"Portada\",\"item\":\"https:\/\/projazz.cl\/web\/\"},{\"@type\":\"ListItem\",\"position\":2,\"name\":\"Certificados y otros documentos\"}]},{\"@type\":\"WebSite\",\"@id\":\"https:\/\/projazz.cl\/web\/#website\",\"url\":\"https:\/\/projazz.cl\/web\/\",\"name\":\"Projazz\",\"description\":\"Instituto Profesional \",\"publisher\":{\"@id\":\"https:\/\/projazz.cl\/web\/#organization\"},\"potentialAction\":[{\"@type\":\"SearchAction\",\"target\":{\"@type\":\"EntryPoint\",\"urlTemplate\":\"https:\/\/projazz.cl\/web\/?s={search_term_string}\"},\"query-input\":{\"@type\":\"PropertyValueSpecification\",\"valueRequired\":true,\"valueName\":\"search_term_string\"}}],\"inLanguage\":\"es-CL\"},{\"@type\":\"Organization\",\"@id\":\"https:\/\/projazz.cl\/web\/#organization\",\"name\":\"Projazz\",\"url\":\"https:\/\/projazz.cl\/web\/\",\"logo\":{\"@type\":\"ImageObject\",\"inLanguage\":\"es-CL\",\"@id\":\"https:\/\/projazz.cl\/web\/#\/schema\/logo\/image\/\",\"url\":\"https:\/\/projazz.cl\/web\/wp-content\/uploads\/2024\/10\/brand-projazz2.svg\",\"contentUrl\":\"https:\/\/projazz.cl\/web\/wp-content\/uploads\/2024\/10\/brand-projazz2.svg\",\"width\":161,\"height\":41,\"caption\":\"Projazz\"},\"image\":{\"@id\":\"https:\/\/projazz.cl\/web\/#\/schema\/logo\/image\/\"},\"sameAs\":[\"https:\/\/www.facebook.com\/projazzchile\",\"https:\/\/www.instagram.com\/projazzchile\"]}]}<\/script>\n<!-- \/ Yoast SEO plugin. -->","yoast_head_json":{"title":"Certificados y otros documentos - Projazz","robots":{"index":"index","follow":"follow","max-snippet":"max-snippet:-1","max-image-preview":"max-image-preview:large","max-video-preview":"max-video-preview:-1"},"canonical":"https:\/\/projazz.cl\/web\/certificados-y-otros-documentos\/","og_locale":"es_ES","og_type":"article","og_title":"Certificados y otros documentos - Projazz","og_description":"Estimados\/as alumnos\/as y exalumnos\/as, A continuaci\u00f3n, se detallan los certificados disponibles para su solicitud y entrega: Tipo documento Valor Solicitud Matr\u00edcula y arancel Gratuito daf@projazz.cl Certificado Deuda Gratuito Certificado alumno\/a regular Gratuito registro.academico@projazz.cl Certificado exalumno\/a regular Gratuito Concentraci\u00f3n de notas Gratuito Certificado de semestres cursados Gratuito Certificado de horas cursadas Gratuito Certificado de Egreso Gratuito &hellip; Certificados y otros documentos Read More &raquo;","og_url":"https:\/\/projazz.cl\/web\/certificados-y-otros-documentos\/","og_site_name":"Projazz","article_publisher":"https:\/\/www.facebook.com\/projazzchile","article_modified_time":"2025-10-13T19:50:35+00:00","og_image":[{"width":2540,"height":767,"url":"https:\/\/projazz.cl\/web\/wp-content\/uploads\/2024\/10\/slider-admision-2025-2.jpg","type":"image\/jpeg"}],"twitter_card":"summary_large_image","twitter_misc":{"Tiempo estimado de lectura":"1 minuto"},"schema":{"@context":"https:\/\/schema.org","@graph":[{"@type":"WebPage","@id":"https:\/\/projazz.cl\/web\/certificados-y-otros-documentos\/","url":"https:\/\/projazz.cl\/web\/certificados-y-otros-documentos\/","name":"Certificados y otros documentos - Projazz","isPartOf":{"@id":"https:\/\/projazz.cl\/web\/#website"},"primaryImageOfPage":{"@id":"https:\/\/projazz.cl\/web\/certificados-y-otros-documentos\/#primaryimage"},"image":{"@id":"https:\/\/projazz.cl\/web\/certificados-y-otros-documentos\/#primaryimage"},"thumbnailUrl":"https:\/\/projazz.cl\/web\/wp-content\/uploads\/2024\/10\/slider-admision-2025-2.jpg","datePublished":"2025-10-13T19:24:25+00:00","dateModified":"2025-10-13T19:50:35+00:00","breadcrumb":{"@id":"https:\/\/projazz.cl\/web\/certificados-y-otros-documentos\/#breadcrumb"},"inLanguage":"es-CL","potentialAction":[{"@type":"ReadAction","target":["https:\/\/projazz.cl\/web\/certificados-y-otros-documentos\/"]}]},{"@type":"ImageObject","inLanguage":"es-CL","@id":"https:\/\/projazz.cl\/web\/certificados-y-otros-documentos\/#primaryimage","url":"https:\/\/projazz.cl\/web\/wp-content\/uploads\/2024\/10\/slider-admision-2025-2.jpg","contentUrl":"https:\/\/projazz.cl\/web\/wp-content\/uploads\/2024\/10\/slider-admision-2025-2.jpg","width":2540,"height":767},{"@type":"BreadcrumbList","@id":"https:\/\/projazz.cl\/web\/certificados-y-otros-documentos\/#breadcrumb","itemListElement":[{"@type":"ListItem","position":1,"name":"Portada","item":"https:\/\/projazz.cl\/web\/"},{"@type":"ListItem","position":2,"name":"Certificados y otros documentos"}]},{"@type":"WebSite","@id":"https:\/\/projazz.cl\/web\/#website","url":"https:\/\/projazz.cl\/web\/","name":"Projazz","description":"Instituto Profesional ","publisher":{"@id":"https:\/\/projazz.cl\/web\/#organization"},"potentialAction":[{"@type":"SearchAction","target":{"@type":"EntryPoint","urlTemplate":"https:\/\/projazz.cl\/web\/?s={search_term_string}"},"query-input":{"@type":"PropertyValueSpecification","valueRequired":true,"valueName":"search_term_string"}}],"inLanguage":"es-CL"},{"@type":"Organization","@id":"https:\/\/projazz.cl\/web\/#organization","name":"Projazz","url":"https:\/\/projazz.cl\/web\/","logo":{"@type":"ImageObject","inLanguage":"es-CL","@id":"https:\/\/projazz.cl\/web\/#\/schema\/logo\/image\/","url":"https:\/\/projazz.cl\/web\/wp-content\/uploads\/2024\/10\/brand-projazz2.svg","contentUrl":"https:\/\/projazz.cl\/web\/wp-content\/uploads\/2024\/10\/brand-projazz2.svg","width":161,"height":41,"caption":"Projazz"},"image":{"@id":"https:\/\/projazz.cl\/web\/#\/schema\/logo\/image\/"},"sameAs":["https:\/\/www.facebook.com\/projazzchile","https:\/\/www.instagram.com\/projazzchile"]}]}},"_links":{"self":[{"href":"https:\/\/projazz.cl\/web\/wp-json\/wp\/v2\/pages\/7040","targetHints":{"allow":["GET"]}}],"collection":[{"href":"https:\/\/projazz.cl\/web\/wp-json\/wp\/v2\/pages"}],"about":[{"href":"https:\/\/projazz.cl\/web\/wp-json\/wp\/v2\/types\/page"}],"author":[{"embeddable":true,"href":"https:\/\/projazz.cl\/web\/wp-json\/wp\/v2\/users\/1"}],"replies":[{"embeddable":true,"href":"https:\/\/projazz.cl\/web\/wp-json\/wp\/v2\/comments?post=7040"}],"version-history":[{"count":4,"href":"https:\/\/projazz.cl\/web\/wp-json\/wp\/v2\/pages\/7040\/revisions"}],"predecessor-version":[{"id":7045,"href":"https:\/\/projazz.cl\/web\/wp-json\/wp\/v2\/pages\/7040\/revisions\/7045"}],"wp:featuredmedia":[{"embeddable":true,"href":"https:\/\/projazz.cl\/web\/wp-json\/wp\/v2\/media\/66"}],"wp:attachment":[{"href":"https:\/\/projazz.cl\/web\/wp-json\/wp\/v2\/media?parent=7040"}],"curies":[{"name":"wp","href":"https:\/\/api.w.org\/{rel}","templated":true}]}}