{"id":4723,"date":"2024-12-11T18:32:14","date_gmt":"2024-12-11T21:32:14","guid":{"rendered":"https:\/\/projazz.cl\/web\/?page_id=4723"},"modified":"2024-12-11T18:37:12","modified_gmt":"2024-12-11T21:37:12","slug":"la-orquesta-del-viento-jazz-fusion-hecho-en-chile","status":"publish","type":"page","link":"https:\/\/projazz.cl\/web\/la-orquesta-del-viento-jazz-fusion-hecho-en-chile\/","title":{"rendered":"La Orquesta del Viento: Jazz Fusi\u00f3n hecho en Chile"},"content":{"rendered":"\n<p>La Orquesta del Viento es un proyecto musical liderado por el destacado guitarrista y compositor chileno Raimundo Santander, que fusiona el jazz con los ricos paisajes r\u00edtmicos y t\u00edmbricos del folclore andino y sudamericano.<\/p>\n\n\n\n<p>El \u00e1lbum debut hom\u00f3nimo, <em>La Orquesta del Viento<\/em> (2013), fue grabado en La Makinita y cuenta con la colaboraci\u00f3n de: Jos\u00e9 Navarro en vientos andinos, Tom\u00e1s Krumm en piano, Ramiro Dur\u00e1n en guitarra, Eduardo Pe\u00f1a en bajo, Greco Acu\u00f1a en percusi\u00f3n latina y Carlos Cort\u00e9s en bater\u00eda. Este disco combina y fusiona el jazz con influencias de la m\u00fasica latinoamericana, el folclore y las sonoridades andinas. Inspirado en la concepci\u00f3n colectiva del Pat Metheny Group, este proyecto podr\u00eda relacionarse como una versi\u00f3n en contexto de este.<\/p>\n\n\n\n<p>El \u00e1lbum est\u00e1 compuesto por seis piezas<\/p>\n\n\n\n<ul class=\"wp-block-list\">\n<li><strong>\u201cAndina\u201d<\/strong> es una pieza que abre con la grabaci\u00f3n de un trueno, seguida de una secuencia r\u00edtmico-mel\u00f3dica caracter\u00edstica de guitarra. A esto se suma un comp\u00e1s atresillado en 12\/8 de percusi\u00f3n y bater\u00eda, con una melod\u00eda duplicada por piano y guitarra, mientras el contrabajo sostiene la secci\u00f3n con una base r\u00edtmica s\u00f3lida.<\/li>\n\n\n\n<li><strong>\u201c30 a\u00f1os\u201d<\/strong> comienza con el sonido c\u00e1lido de una guitarra ac\u00fastica de nylon y el canto de p\u00e1jaros, creando un ambiente introspectivo que se complementa con la solemnidad de un bombo leg\u00fcero.<\/li>\n\n\n\n<li>\u00a0<strong>\u201cRetorno\u201d<\/strong> arranca con sonidos naturales de agua y aves, acompa\u00f1ado por un ostinato de guitarra que atraviesa todo el head. Un contrabajo tocado con arco y un ritmo en 5\/8 a\u00f1aden complejidad y profundidad a la pieza.<\/li>\n\n\n\n<li>\u00a0<strong>\u201cEl llamado\u201d<\/strong> se desarrolla a partir de un riff de guitarra que establece la base mel\u00f3dica. Poco a poco se integran el piano y el bombo leg\u00fcero, configurando un ritmo atresillado que enriquece la textura musical.<\/li>\n\n\n\n<li>\u00a0\u00a0<strong>\u201cSol\u201d<\/strong> es una pieza minimalista y delicada interpretada exclusivamente por guitarra solista, destacando su simplicidad y emotividad.<\/li>\n\n\n\n<li>\u00a0<strong>\u201cLa Batalla de los Andes\u201d<\/strong> cierra el \u00e1lbum con una interpretaci\u00f3n majestuosa, donde el piano solemne se combina con sonidos de viento, culminando en un riff din\u00e1mico al que se unen el bajo, la bater\u00eda y la guitarra cerrando la obra.<\/li>\n<\/ul>\n\n\n\n<p>Adem\u00e1s, el proyecto incorpora un innovador componente visual de la mano de la reconocida ilustradora chilena Sol D\u00edaz, quien durante los conciertos crea y proyecta en vivo ilustraciones inspiradas en cada pieza musical. Este di\u00e1logo entre m\u00fasica y arte visual transforma cada presentaci\u00f3n en una experiencia multisensorial \u00fanica.<\/p>\n\n\n\n<p><strong>La Orquesta del Viento<\/strong> representa un importante aporte a la identidad del jazz chileno, combinando tradici\u00f3n y modernidad en una propuesta que destaca por su calidad art\u00edstica e innovaci\u00f3n. Su segundo \u00e1lbum, <em>Hombre al Sur<\/em> (2016), contin\u00faa explorando estos horizontes creativos, consolidando al proyecto como un tremendo aporte a la construcci\u00f3n de nuestra sonoridad.<\/p>\n\n\n\n<p><br>Emilio Bascu\u00f1\u00e1n, 2024<\/p>\n\n\n<div class=\"wp-block-image\">\n<figure class=\"aligncenter size-large is-resized\"><img fetchpriority=\"high\" decoding=\"async\" width=\"1024\" height=\"1024\" src=\"https:\/\/projazz.cl\/web\/wp-content\/uploads\/2024\/12\/orquesta-del-viento-1024x1024.jpg\" alt=\"\" class=\"wp-image-4725\" style=\"object-fit:cover;width:600px;height:600px\" srcset=\"https:\/\/projazz.cl\/web\/wp-content\/uploads\/2024\/12\/orquesta-del-viento-1024x1024.jpg 1024w, https:\/\/projazz.cl\/web\/wp-content\/uploads\/2024\/12\/orquesta-del-viento-300x300.jpg 300w, https:\/\/projazz.cl\/web\/wp-content\/uploads\/2024\/12\/orquesta-del-viento-150x150.jpg 150w, https:\/\/projazz.cl\/web\/wp-content\/uploads\/2024\/12\/orquesta-del-viento-768x768.jpg 768w, https:\/\/projazz.cl\/web\/wp-content\/uploads\/2024\/12\/orquesta-del-viento.jpg 1200w\" sizes=\"(max-width: 1024px) 100vw, 1024px\" \/><\/figure>\n<\/div>","protected":false},"excerpt":{"rendered":"<p>La Orquesta del Viento es un proyecto musical liderado por el destacado guitarrista y compositor chileno Raimundo Santander, que fusiona el jazz con los ricos paisajes r\u00edtmicos y t\u00edmbricos del folclore andino y sudamericano. El \u00e1lbum debut hom\u00f3nimo, La Orquesta del Viento (2013), fue grabado en La Makinita y cuenta con la colaboraci\u00f3n de: Jos\u00e9 &hellip;<\/p>\n<p class=\"read-more\"> <a class=\"\" href=\"https:\/\/projazz.cl\/web\/la-orquesta-del-viento-jazz-fusion-hecho-en-chile\/\"> <span class=\"screen-reader-text\">La Orquesta del Viento: Jazz Fusi\u00f3n hecho en Chile<\/span> Read More &raquo;<\/a><\/p>\n","protected":false},"author":1,"featured_media":4727,"parent":0,"menu_order":0,"comment_status":"closed","ping_status":"closed","template":"","meta":{"footnotes":""},"class_list":["post-4723","page","type-page","status-publish","has-post-thumbnail","hentry"],"yoast_head":"<!-- This site is optimized with the Yoast SEO plugin v26.3 - https:\/\/yoast.com\/wordpress\/plugins\/seo\/ -->\n<title>La Orquesta del Viento: Jazz Fusi\u00f3n hecho en Chile - Projazz<\/title>\n<meta name=\"robots\" content=\"index, follow, max-snippet:-1, max-image-preview:large, max-video-preview:-1\" \/>\n<link rel=\"canonical\" href=\"https:\/\/projazz.cl\/web\/la-orquesta-del-viento-jazz-fusion-hecho-en-chile\/\" \/>\n<meta property=\"og:locale\" content=\"es_ES\" \/>\n<meta property=\"og:type\" content=\"article\" \/>\n<meta property=\"og:title\" content=\"La Orquesta del Viento: Jazz Fusi\u00f3n hecho en Chile - Projazz\" \/>\n<meta property=\"og:description\" content=\"La Orquesta del Viento es un proyecto musical liderado por el destacado guitarrista y compositor chileno Raimundo Santander, que fusiona el jazz con los ricos paisajes r\u00edtmicos y t\u00edmbricos del folclore andino y sudamericano. El \u00e1lbum debut hom\u00f3nimo, La Orquesta del Viento (2013), fue grabado en La Makinita y cuenta con la colaboraci\u00f3n de: Jos\u00e9 &hellip; La Orquesta del Viento: Jazz Fusi\u00f3n hecho en Chile Read More &raquo;\" \/>\n<meta property=\"og:url\" content=\"https:\/\/projazz.cl\/web\/la-orquesta-del-viento-jazz-fusion-hecho-en-chile\/\" \/>\n<meta property=\"og:site_name\" content=\"Projazz\" \/>\n<meta property=\"article:publisher\" content=\"https:\/\/www.facebook.com\/projazzchile\" \/>\n<meta property=\"article:modified_time\" content=\"2024-12-11T21:37:12+00:00\" \/>\n<meta property=\"og:image\" content=\"https:\/\/projazz.cl\/web\/wp-content\/uploads\/2024\/12\/orquesta-del-viento-2.jpg\" \/>\n\t<meta property=\"og:image:width\" content=\"1200\" \/>\n\t<meta property=\"og:image:height\" content=\"926\" \/>\n\t<meta property=\"og:image:type\" content=\"image\/jpeg\" \/>\n<meta name=\"twitter:card\" content=\"summary_large_image\" \/>\n<meta name=\"twitter:label1\" content=\"Tiempo estimado de lectura\" \/>\n\t<meta name=\"twitter:data1\" content=\"3 minutos\" \/>\n<script type=\"application\/ld+json\" class=\"yoast-schema-graph\">{\"@context\":\"https:\/\/schema.org\",\"@graph\":[{\"@type\":\"WebPage\",\"@id\":\"https:\/\/projazz.cl\/web\/la-orquesta-del-viento-jazz-fusion-hecho-en-chile\/\",\"url\":\"https:\/\/projazz.cl\/web\/la-orquesta-del-viento-jazz-fusion-hecho-en-chile\/\",\"name\":\"La Orquesta del Viento: Jazz Fusi\u00f3n hecho en Chile - Projazz\",\"isPartOf\":{\"@id\":\"https:\/\/projazz.cl\/web\/#website\"},\"primaryImageOfPage\":{\"@id\":\"https:\/\/projazz.cl\/web\/la-orquesta-del-viento-jazz-fusion-hecho-en-chile\/#primaryimage\"},\"image\":{\"@id\":\"https:\/\/projazz.cl\/web\/la-orquesta-del-viento-jazz-fusion-hecho-en-chile\/#primaryimage\"},\"thumbnailUrl\":\"https:\/\/projazz.cl\/web\/wp-content\/uploads\/2024\/12\/orquesta-del-viento-2.jpg\",\"datePublished\":\"2024-12-11T21:32:14+00:00\",\"dateModified\":\"2024-12-11T21:37:12+00:00\",\"breadcrumb\":{\"@id\":\"https:\/\/projazz.cl\/web\/la-orquesta-del-viento-jazz-fusion-hecho-en-chile\/#breadcrumb\"},\"inLanguage\":\"es-CL\",\"potentialAction\":[{\"@type\":\"ReadAction\",\"target\":[\"https:\/\/projazz.cl\/web\/la-orquesta-del-viento-jazz-fusion-hecho-en-chile\/\"]}]},{\"@type\":\"ImageObject\",\"inLanguage\":\"es-CL\",\"@id\":\"https:\/\/projazz.cl\/web\/la-orquesta-del-viento-jazz-fusion-hecho-en-chile\/#primaryimage\",\"url\":\"https:\/\/projazz.cl\/web\/wp-content\/uploads\/2024\/12\/orquesta-del-viento-2.jpg\",\"contentUrl\":\"https:\/\/projazz.cl\/web\/wp-content\/uploads\/2024\/12\/orquesta-del-viento-2.jpg\",\"width\":1200,\"height\":926},{\"@type\":\"BreadcrumbList\",\"@id\":\"https:\/\/projazz.cl\/web\/la-orquesta-del-viento-jazz-fusion-hecho-en-chile\/#breadcrumb\",\"itemListElement\":[{\"@type\":\"ListItem\",\"position\":1,\"name\":\"Portada\",\"item\":\"https:\/\/projazz.cl\/web\/\"},{\"@type\":\"ListItem\",\"position\":2,\"name\":\"La Orquesta del Viento: Jazz Fusi\u00f3n hecho en Chile\"}]},{\"@type\":\"WebSite\",\"@id\":\"https:\/\/projazz.cl\/web\/#website\",\"url\":\"https:\/\/projazz.cl\/web\/\",\"name\":\"Projazz\",\"description\":\"Instituto Profesional \",\"publisher\":{\"@id\":\"https:\/\/projazz.cl\/web\/#organization\"},\"potentialAction\":[{\"@type\":\"SearchAction\",\"target\":{\"@type\":\"EntryPoint\",\"urlTemplate\":\"https:\/\/projazz.cl\/web\/?s={search_term_string}\"},\"query-input\":{\"@type\":\"PropertyValueSpecification\",\"valueRequired\":true,\"valueName\":\"search_term_string\"}}],\"inLanguage\":\"es-CL\"},{\"@type\":\"Organization\",\"@id\":\"https:\/\/projazz.cl\/web\/#organization\",\"name\":\"Projazz\",\"url\":\"https:\/\/projazz.cl\/web\/\",\"logo\":{\"@type\":\"ImageObject\",\"inLanguage\":\"es-CL\",\"@id\":\"https:\/\/projazz.cl\/web\/#\/schema\/logo\/image\/\",\"url\":\"https:\/\/projazz.cl\/web\/wp-content\/uploads\/2024\/10\/brand-projazz2.svg\",\"contentUrl\":\"https:\/\/projazz.cl\/web\/wp-content\/uploads\/2024\/10\/brand-projazz2.svg\",\"width\":161,\"height\":41,\"caption\":\"Projazz\"},\"image\":{\"@id\":\"https:\/\/projazz.cl\/web\/#\/schema\/logo\/image\/\"},\"sameAs\":[\"https:\/\/www.facebook.com\/projazzchile\",\"https:\/\/www.instagram.com\/projazzchile\"]}]}<\/script>\n<!-- \/ Yoast SEO plugin. -->","yoast_head_json":{"title":"La Orquesta del Viento: Jazz Fusi\u00f3n hecho en Chile - Projazz","robots":{"index":"index","follow":"follow","max-snippet":"max-snippet:-1","max-image-preview":"max-image-preview:large","max-video-preview":"max-video-preview:-1"},"canonical":"https:\/\/projazz.cl\/web\/la-orquesta-del-viento-jazz-fusion-hecho-en-chile\/","og_locale":"es_ES","og_type":"article","og_title":"La Orquesta del Viento: Jazz Fusi\u00f3n hecho en Chile - Projazz","og_description":"La Orquesta del Viento es un proyecto musical liderado por el destacado guitarrista y compositor chileno Raimundo Santander, que fusiona el jazz con los ricos paisajes r\u00edtmicos y t\u00edmbricos del folclore andino y sudamericano. El \u00e1lbum debut hom\u00f3nimo, La Orquesta del Viento (2013), fue grabado en La Makinita y cuenta con la colaboraci\u00f3n de: Jos\u00e9 &hellip; La Orquesta del Viento: Jazz Fusi\u00f3n hecho en Chile Read More &raquo;","og_url":"https:\/\/projazz.cl\/web\/la-orquesta-del-viento-jazz-fusion-hecho-en-chile\/","og_site_name":"Projazz","article_publisher":"https:\/\/www.facebook.com\/projazzchile","article_modified_time":"2024-12-11T21:37:12+00:00","og_image":[{"width":1200,"height":926,"url":"https:\/\/projazz.cl\/web\/wp-content\/uploads\/2024\/12\/orquesta-del-viento-2.jpg","type":"image\/jpeg"}],"twitter_card":"summary_large_image","twitter_misc":{"Tiempo estimado de lectura":"3 minutos"},"schema":{"@context":"https:\/\/schema.org","@graph":[{"@type":"WebPage","@id":"https:\/\/projazz.cl\/web\/la-orquesta-del-viento-jazz-fusion-hecho-en-chile\/","url":"https:\/\/projazz.cl\/web\/la-orquesta-del-viento-jazz-fusion-hecho-en-chile\/","name":"La Orquesta del Viento: Jazz Fusi\u00f3n hecho en Chile - Projazz","isPartOf":{"@id":"https:\/\/projazz.cl\/web\/#website"},"primaryImageOfPage":{"@id":"https:\/\/projazz.cl\/web\/la-orquesta-del-viento-jazz-fusion-hecho-en-chile\/#primaryimage"},"image":{"@id":"https:\/\/projazz.cl\/web\/la-orquesta-del-viento-jazz-fusion-hecho-en-chile\/#primaryimage"},"thumbnailUrl":"https:\/\/projazz.cl\/web\/wp-content\/uploads\/2024\/12\/orquesta-del-viento-2.jpg","datePublished":"2024-12-11T21:32:14+00:00","dateModified":"2024-12-11T21:37:12+00:00","breadcrumb":{"@id":"https:\/\/projazz.cl\/web\/la-orquesta-del-viento-jazz-fusion-hecho-en-chile\/#breadcrumb"},"inLanguage":"es-CL","potentialAction":[{"@type":"ReadAction","target":["https:\/\/projazz.cl\/web\/la-orquesta-del-viento-jazz-fusion-hecho-en-chile\/"]}]},{"@type":"ImageObject","inLanguage":"es-CL","@id":"https:\/\/projazz.cl\/web\/la-orquesta-del-viento-jazz-fusion-hecho-en-chile\/#primaryimage","url":"https:\/\/projazz.cl\/web\/wp-content\/uploads\/2024\/12\/orquesta-del-viento-2.jpg","contentUrl":"https:\/\/projazz.cl\/web\/wp-content\/uploads\/2024\/12\/orquesta-del-viento-2.jpg","width":1200,"height":926},{"@type":"BreadcrumbList","@id":"https:\/\/projazz.cl\/web\/la-orquesta-del-viento-jazz-fusion-hecho-en-chile\/#breadcrumb","itemListElement":[{"@type":"ListItem","position":1,"name":"Portada","item":"https:\/\/projazz.cl\/web\/"},{"@type":"ListItem","position":2,"name":"La Orquesta del Viento: Jazz Fusi\u00f3n hecho en Chile"}]},{"@type":"WebSite","@id":"https:\/\/projazz.cl\/web\/#website","url":"https:\/\/projazz.cl\/web\/","name":"Projazz","description":"Instituto Profesional ","publisher":{"@id":"https:\/\/projazz.cl\/web\/#organization"},"potentialAction":[{"@type":"SearchAction","target":{"@type":"EntryPoint","urlTemplate":"https:\/\/projazz.cl\/web\/?s={search_term_string}"},"query-input":{"@type":"PropertyValueSpecification","valueRequired":true,"valueName":"search_term_string"}}],"inLanguage":"es-CL"},{"@type":"Organization","@id":"https:\/\/projazz.cl\/web\/#organization","name":"Projazz","url":"https:\/\/projazz.cl\/web\/","logo":{"@type":"ImageObject","inLanguage":"es-CL","@id":"https:\/\/projazz.cl\/web\/#\/schema\/logo\/image\/","url":"https:\/\/projazz.cl\/web\/wp-content\/uploads\/2024\/10\/brand-projazz2.svg","contentUrl":"https:\/\/projazz.cl\/web\/wp-content\/uploads\/2024\/10\/brand-projazz2.svg","width":161,"height":41,"caption":"Projazz"},"image":{"@id":"https:\/\/projazz.cl\/web\/#\/schema\/logo\/image\/"},"sameAs":["https:\/\/www.facebook.com\/projazzchile","https:\/\/www.instagram.com\/projazzchile"]}]}},"_links":{"self":[{"href":"https:\/\/projazz.cl\/web\/wp-json\/wp\/v2\/pages\/4723","targetHints":{"allow":["GET"]}}],"collection":[{"href":"https:\/\/projazz.cl\/web\/wp-json\/wp\/v2\/pages"}],"about":[{"href":"https:\/\/projazz.cl\/web\/wp-json\/wp\/v2\/types\/page"}],"author":[{"embeddable":true,"href":"https:\/\/projazz.cl\/web\/wp-json\/wp\/v2\/users\/1"}],"replies":[{"embeddable":true,"href":"https:\/\/projazz.cl\/web\/wp-json\/wp\/v2\/comments?post=4723"}],"version-history":[{"count":1,"href":"https:\/\/projazz.cl\/web\/wp-json\/wp\/v2\/pages\/4723\/revisions"}],"predecessor-version":[{"id":4726,"href":"https:\/\/projazz.cl\/web\/wp-json\/wp\/v2\/pages\/4723\/revisions\/4726"}],"wp:featuredmedia":[{"embeddable":true,"href":"https:\/\/projazz.cl\/web\/wp-json\/wp\/v2\/media\/4727"}],"wp:attachment":[{"href":"https:\/\/projazz.cl\/web\/wp-json\/wp\/v2\/media?parent=4723"}],"curies":[{"name":"wp","href":"https:\/\/api.w.org\/{rel}","templated":true}]}}