{"id":332,"date":"2024-10-08T20:08:41","date_gmt":"2024-10-08T23:08:41","guid":{"rendered":"https:\/\/projazz.cl\/web\/?page_id=332"},"modified":"2024-11-26T21:38:05","modified_gmt":"2024-11-27T00:38:05","slug":"protocolo-frente-al-acoso-sexual","status":"publish","type":"page","link":"https:\/\/projazz.cl\/web\/protocolo-frente-al-acoso-sexual\/","title":{"rendered":"Protocolo de acci\u00f3n frente al Acoso Sexual y Violencia de G\u00e9nero"},"content":{"rendered":"\n<p>El Instituto Profesional Projazz, en su constante preocupaci\u00f3n y compromiso con una formaci\u00f3n integral centrada en nuestros estudiantes y en nuestra comunidad, ha buscado promover acciones que fomenten la toma de decisiones de manera responsable, libre y consciente para todas y todos los integrantes de nuestra Instituci\u00f3n.<\/p>\n\n\n\n<p>A nivel mundial y en nuestro pa\u00eds, hemos visto c\u00f3mo constantemente se presentan diferentes formas de violencia de g\u00e9nero, acoso sexual y episodios de discriminaci\u00f3n por razones de g\u00e9nero, orientaci\u00f3n sexual, f\u00edsica o credo, entre muchos otros. Como instituci\u00f3n de formaci\u00f3n t\u00e9cnica y profesional, creemos firmemente que todas y todos tenemos derecho a estudiar en contextos que est\u00e9n libres de cualquier tipo de violencia, y aportar desde nuestra individualidad en la construcci\u00f3n de una sociedad m\u00e1s inclusiva y diversa. Uno de nuestros valores es la diversidad, respecto de la que hemos declarado que <em>\u201cfomentamos, celebramos y adoptamos los principios de inclusi\u00f3n, representaci\u00f3n, apertura y diversidad no solo en el cuerpo docente, el personal y los estudiantes, sino tambi\u00e9n en la m\u00fasica que se estudia y se interpreta.\u201d<\/em><\/p>\n\n\n\n<p>Para poder cumplir con este objetivo, en 2019 se construy\u00f3 de manera colaborativa con la comunidad estudiantil, y principalmente con la Colectiva Feminista, un trabajo de reflexiones constantes para que el espacio com\u00fan fuera un espacio seguro, basado en la igualdad sin discriminaci\u00f3n en cualquier \u00e1mbito. En este contexto, ese a\u00f1o se aprob\u00f3 de manera un\u00e1nime el Protocolo de Acci\u00f3n frente al Acoso Sexual y Violencia de G\u00e9nero. Posteriormente, durante el 2023, nuestro Comit\u00e9 de G\u00e9nero trabaj\u00f3 en la actualizaci\u00f3n y mejora de este protocolo, labor que fue finalizada y formalizada en el 2024, dando origen al nuevo<strong> Protocolo de Acoso Sexual y Violencia de G\u00e9nero: &#8220;Nina Simone&#8221;.<\/strong> Esta versi\u00f3n se sustenta sobre el di\u00e1logo establecido entre los distintos estamentos de la Instituci\u00f3n, representados a trav\u00e9s de las personas que integran el Comit\u00e9 de G\u00e9nero, y en las reflexiones compartidas por las distintas organizaciones estudiantiles de Projazz, entre las que se cuentan al Centro de Estudiantes, Colectiva Feminista y Colectiva Disidente.<\/p>\n\n\n\n<p>Todos los departamentos del instituto est\u00e1n al servicio de la comunidad y ser\u00e1n los encargados de promover un espacio seguro, as\u00ed como indicar, en aquellos casos que lo requieran, d\u00f3nde se debe acudir para recibir orientaci\u00f3n sobre cualquier inquietud que se tenga acerca de acoso o situaciones de discriminaci\u00f3n vividas en nuestra comunidad, siempre velando por la promoci\u00f3n de una convivencia adecuada y responsable.<\/p>\n\n\n\n<p>\u00a1Eliminemos la violencia de g\u00e9nero en cualquiera de sus formas, construyamos juntos un espacio seguro y basado en el respeto por las diferencias! \u00a1S\u00e9 parte de la construcci\u00f3n de un Instituto Profesional Projazz con mayor igualdad entre todos y todas!&nbsp;<\/p>\n\n\n\n<p>En caso de denuncia, puedes hacer\u00a0<strong><a href=\"https:\/\/projazz.cl\/web\/wp-content\/uploads\/2024\/10\/Formulario_denuncia_acoso_violencia.docx\">click aqu\u00ed<\/a>\u00a0<\/strong>para completar el formulario y comunicarte con la Direcci\u00f3n de Asuntos Estudiantiles, o bien escribir al correo\u00a0<a href=\"mailto:dae@projazz.cl\" target=\"_blank\" rel=\"noreferrer noopener\">dae@projazz.cl<\/a><\/p>\n\n\n\n<p>Para descargar el Protocolo frente al acoso sexual y violencia de g\u00e9nero &#8220;Nina Simone&#8221;, haz <strong><a href=\"https:\/\/projazz.cl\/web\/wp-content\/uploads\/2024\/11\/Protocolo-de-Accioin-Frente-al-Acoso-Sexual-y-Violencia-de-Geinero-2024.pdf\">click aqu\u00ed.<\/a><\/strong><\/p>\n","protected":false},"excerpt":{"rendered":"<p>El Instituto Profesional Projazz, en su constante preocupaci\u00f3n y compromiso con una formaci\u00f3n integral centrada en nuestros estudiantes y en nuestra comunidad, ha buscado promover acciones que fomenten la toma de decisiones de manera responsable, libre y consciente para todas y todos los integrantes de nuestra Instituci\u00f3n. A nivel mundial y en nuestro pa\u00eds, hemos &hellip;<\/p>\n<p class=\"read-more\"> <a class=\"\" href=\"https:\/\/projazz.cl\/web\/protocolo-frente-al-acoso-sexual\/\"> <span class=\"screen-reader-text\">Protocolo de acci\u00f3n frente al Acoso Sexual y Violencia de G\u00e9nero<\/span> Read More &raquo;<\/a><\/p>\n","protected":false},"author":1,"featured_media":272,"parent":0,"menu_order":0,"comment_status":"closed","ping_status":"closed","template":"","meta":{"footnotes":""},"class_list":["post-332","page","type-page","status-publish","has-post-thumbnail","hentry"],"yoast_head":"<!-- This site is optimized with the Yoast SEO plugin v26.3 - https:\/\/yoast.com\/wordpress\/plugins\/seo\/ -->\n<title>Protocolo de acci\u00f3n frente al Acoso Sexual y Violencia de G\u00e9nero - Projazz<\/title>\n<meta name=\"robots\" content=\"index, follow, max-snippet:-1, max-image-preview:large, max-video-preview:-1\" \/>\n<link rel=\"canonical\" href=\"https:\/\/projazz.cl\/web\/protocolo-frente-al-acoso-sexual\/\" \/>\n<meta property=\"og:locale\" content=\"es_ES\" \/>\n<meta property=\"og:type\" content=\"article\" \/>\n<meta property=\"og:title\" content=\"Protocolo de acci\u00f3n frente al Acoso Sexual y Violencia de G\u00e9nero - Projazz\" \/>\n<meta property=\"og:description\" content=\"El Instituto Profesional Projazz, en su constante preocupaci\u00f3n y compromiso con una formaci\u00f3n integral centrada en nuestros estudiantes y en nuestra comunidad, ha buscado promover acciones que fomenten la toma de decisiones de manera responsable, libre y consciente para todas y todos los integrantes de nuestra Instituci\u00f3n. A nivel mundial y en nuestro pa\u00eds, hemos &hellip; Protocolo de acci\u00f3n frente al Acoso Sexual y Violencia de G\u00e9nero Read More &raquo;\" \/>\n<meta property=\"og:url\" content=\"https:\/\/projazz.cl\/web\/protocolo-frente-al-acoso-sexual\/\" \/>\n<meta property=\"og:site_name\" content=\"Projazz\" \/>\n<meta property=\"article:publisher\" content=\"https:\/\/www.facebook.com\/projazzchile\" \/>\n<meta property=\"article:modified_time\" content=\"2024-11-27T00:38:05+00:00\" \/>\n<meta property=\"og:image\" content=\"https:\/\/projazz.cl\/web\/wp-content\/uploads\/2024\/10\/slider-15.jpg\" \/>\n\t<meta property=\"og:image:width\" content=\"2540\" \/>\n\t<meta property=\"og:image:height\" content=\"1429\" \/>\n\t<meta property=\"og:image:type\" content=\"image\/jpeg\" \/>\n<meta name=\"twitter:card\" content=\"summary_large_image\" \/>\n<meta name=\"twitter:label1\" content=\"Tiempo estimado de lectura\" \/>\n\t<meta name=\"twitter:data1\" content=\"3 minutos\" \/>\n<script type=\"application\/ld+json\" class=\"yoast-schema-graph\">{\"@context\":\"https:\/\/schema.org\",\"@graph\":[{\"@type\":\"WebPage\",\"@id\":\"https:\/\/projazz.cl\/web\/protocolo-frente-al-acoso-sexual\/\",\"url\":\"https:\/\/projazz.cl\/web\/protocolo-frente-al-acoso-sexual\/\",\"name\":\"Protocolo de acci\u00f3n frente al Acoso Sexual y Violencia de G\u00e9nero - Projazz\",\"isPartOf\":{\"@id\":\"https:\/\/projazz.cl\/web\/#website\"},\"primaryImageOfPage\":{\"@id\":\"https:\/\/projazz.cl\/web\/protocolo-frente-al-acoso-sexual\/#primaryimage\"},\"image\":{\"@id\":\"https:\/\/projazz.cl\/web\/protocolo-frente-al-acoso-sexual\/#primaryimage\"},\"thumbnailUrl\":\"https:\/\/projazz.cl\/web\/wp-content\/uploads\/2024\/10\/slider-15.jpg\",\"datePublished\":\"2024-10-08T23:08:41+00:00\",\"dateModified\":\"2024-11-27T00:38:05+00:00\",\"breadcrumb\":{\"@id\":\"https:\/\/projazz.cl\/web\/protocolo-frente-al-acoso-sexual\/#breadcrumb\"},\"inLanguage\":\"es-CL\",\"potentialAction\":[{\"@type\":\"ReadAction\",\"target\":[\"https:\/\/projazz.cl\/web\/protocolo-frente-al-acoso-sexual\/\"]}]},{\"@type\":\"ImageObject\",\"inLanguage\":\"es-CL\",\"@id\":\"https:\/\/projazz.cl\/web\/protocolo-frente-al-acoso-sexual\/#primaryimage\",\"url\":\"https:\/\/projazz.cl\/web\/wp-content\/uploads\/2024\/10\/slider-15.jpg\",\"contentUrl\":\"https:\/\/projazz.cl\/web\/wp-content\/uploads\/2024\/10\/slider-15.jpg\",\"width\":2540,\"height\":1429},{\"@type\":\"BreadcrumbList\",\"@id\":\"https:\/\/projazz.cl\/web\/protocolo-frente-al-acoso-sexual\/#breadcrumb\",\"itemListElement\":[{\"@type\":\"ListItem\",\"position\":1,\"name\":\"Portada\",\"item\":\"https:\/\/projazz.cl\/web\/\"},{\"@type\":\"ListItem\",\"position\":2,\"name\":\"Protocolo de acci\u00f3n frente al Acoso Sexual y Violencia de G\u00e9nero\"}]},{\"@type\":\"WebSite\",\"@id\":\"https:\/\/projazz.cl\/web\/#website\",\"url\":\"https:\/\/projazz.cl\/web\/\",\"name\":\"Projazz\",\"description\":\"Instituto Profesional \",\"publisher\":{\"@id\":\"https:\/\/projazz.cl\/web\/#organization\"},\"potentialAction\":[{\"@type\":\"SearchAction\",\"target\":{\"@type\":\"EntryPoint\",\"urlTemplate\":\"https:\/\/projazz.cl\/web\/?s={search_term_string}\"},\"query-input\":{\"@type\":\"PropertyValueSpecification\",\"valueRequired\":true,\"valueName\":\"search_term_string\"}}],\"inLanguage\":\"es-CL\"},{\"@type\":\"Organization\",\"@id\":\"https:\/\/projazz.cl\/web\/#organization\",\"name\":\"Projazz\",\"url\":\"https:\/\/projazz.cl\/web\/\",\"logo\":{\"@type\":\"ImageObject\",\"inLanguage\":\"es-CL\",\"@id\":\"https:\/\/projazz.cl\/web\/#\/schema\/logo\/image\/\",\"url\":\"https:\/\/projazz.cl\/web\/wp-content\/uploads\/2024\/10\/brand-projazz2.svg\",\"contentUrl\":\"https:\/\/projazz.cl\/web\/wp-content\/uploads\/2024\/10\/brand-projazz2.svg\",\"width\":161,\"height\":41,\"caption\":\"Projazz\"},\"image\":{\"@id\":\"https:\/\/projazz.cl\/web\/#\/schema\/logo\/image\/\"},\"sameAs\":[\"https:\/\/www.facebook.com\/projazzchile\",\"https:\/\/www.instagram.com\/projazzchile\"]}]}<\/script>\n<!-- \/ Yoast SEO plugin. -->","yoast_head_json":{"title":"Protocolo de acci\u00f3n frente al Acoso Sexual y Violencia de G\u00e9nero - Projazz","robots":{"index":"index","follow":"follow","max-snippet":"max-snippet:-1","max-image-preview":"max-image-preview:large","max-video-preview":"max-video-preview:-1"},"canonical":"https:\/\/projazz.cl\/web\/protocolo-frente-al-acoso-sexual\/","og_locale":"es_ES","og_type":"article","og_title":"Protocolo de acci\u00f3n frente al Acoso Sexual y Violencia de G\u00e9nero - Projazz","og_description":"El Instituto Profesional Projazz, en su constante preocupaci\u00f3n y compromiso con una formaci\u00f3n integral centrada en nuestros estudiantes y en nuestra comunidad, ha buscado promover acciones que fomenten la toma de decisiones de manera responsable, libre y consciente para todas y todos los integrantes de nuestra Instituci\u00f3n. A nivel mundial y en nuestro pa\u00eds, hemos &hellip; Protocolo de acci\u00f3n frente al Acoso Sexual y Violencia de G\u00e9nero Read More &raquo;","og_url":"https:\/\/projazz.cl\/web\/protocolo-frente-al-acoso-sexual\/","og_site_name":"Projazz","article_publisher":"https:\/\/www.facebook.com\/projazzchile","article_modified_time":"2024-11-27T00:38:05+00:00","og_image":[{"width":2540,"height":1429,"url":"https:\/\/projazz.cl\/web\/wp-content\/uploads\/2024\/10\/slider-15.jpg","type":"image\/jpeg"}],"twitter_card":"summary_large_image","twitter_misc":{"Tiempo estimado de lectura":"3 minutos"},"schema":{"@context":"https:\/\/schema.org","@graph":[{"@type":"WebPage","@id":"https:\/\/projazz.cl\/web\/protocolo-frente-al-acoso-sexual\/","url":"https:\/\/projazz.cl\/web\/protocolo-frente-al-acoso-sexual\/","name":"Protocolo de acci\u00f3n frente al Acoso Sexual y Violencia de G\u00e9nero - Projazz","isPartOf":{"@id":"https:\/\/projazz.cl\/web\/#website"},"primaryImageOfPage":{"@id":"https:\/\/projazz.cl\/web\/protocolo-frente-al-acoso-sexual\/#primaryimage"},"image":{"@id":"https:\/\/projazz.cl\/web\/protocolo-frente-al-acoso-sexual\/#primaryimage"},"thumbnailUrl":"https:\/\/projazz.cl\/web\/wp-content\/uploads\/2024\/10\/slider-15.jpg","datePublished":"2024-10-08T23:08:41+00:00","dateModified":"2024-11-27T00:38:05+00:00","breadcrumb":{"@id":"https:\/\/projazz.cl\/web\/protocolo-frente-al-acoso-sexual\/#breadcrumb"},"inLanguage":"es-CL","potentialAction":[{"@type":"ReadAction","target":["https:\/\/projazz.cl\/web\/protocolo-frente-al-acoso-sexual\/"]}]},{"@type":"ImageObject","inLanguage":"es-CL","@id":"https:\/\/projazz.cl\/web\/protocolo-frente-al-acoso-sexual\/#primaryimage","url":"https:\/\/projazz.cl\/web\/wp-content\/uploads\/2024\/10\/slider-15.jpg","contentUrl":"https:\/\/projazz.cl\/web\/wp-content\/uploads\/2024\/10\/slider-15.jpg","width":2540,"height":1429},{"@type":"BreadcrumbList","@id":"https:\/\/projazz.cl\/web\/protocolo-frente-al-acoso-sexual\/#breadcrumb","itemListElement":[{"@type":"ListItem","position":1,"name":"Portada","item":"https:\/\/projazz.cl\/web\/"},{"@type":"ListItem","position":2,"name":"Protocolo de acci\u00f3n frente al Acoso Sexual y Violencia de G\u00e9nero"}]},{"@type":"WebSite","@id":"https:\/\/projazz.cl\/web\/#website","url":"https:\/\/projazz.cl\/web\/","name":"Projazz","description":"Instituto Profesional ","publisher":{"@id":"https:\/\/projazz.cl\/web\/#organization"},"potentialAction":[{"@type":"SearchAction","target":{"@type":"EntryPoint","urlTemplate":"https:\/\/projazz.cl\/web\/?s={search_term_string}"},"query-input":{"@type":"PropertyValueSpecification","valueRequired":true,"valueName":"search_term_string"}}],"inLanguage":"es-CL"},{"@type":"Organization","@id":"https:\/\/projazz.cl\/web\/#organization","name":"Projazz","url":"https:\/\/projazz.cl\/web\/","logo":{"@type":"ImageObject","inLanguage":"es-CL","@id":"https:\/\/projazz.cl\/web\/#\/schema\/logo\/image\/","url":"https:\/\/projazz.cl\/web\/wp-content\/uploads\/2024\/10\/brand-projazz2.svg","contentUrl":"https:\/\/projazz.cl\/web\/wp-content\/uploads\/2024\/10\/brand-projazz2.svg","width":161,"height":41,"caption":"Projazz"},"image":{"@id":"https:\/\/projazz.cl\/web\/#\/schema\/logo\/image\/"},"sameAs":["https:\/\/www.facebook.com\/projazzchile","https:\/\/www.instagram.com\/projazzchile"]}]}},"_links":{"self":[{"href":"https:\/\/projazz.cl\/web\/wp-json\/wp\/v2\/pages\/332","targetHints":{"allow":["GET"]}}],"collection":[{"href":"https:\/\/projazz.cl\/web\/wp-json\/wp\/v2\/pages"}],"about":[{"href":"https:\/\/projazz.cl\/web\/wp-json\/wp\/v2\/types\/page"}],"author":[{"embeddable":true,"href":"https:\/\/projazz.cl\/web\/wp-json\/wp\/v2\/users\/1"}],"replies":[{"embeddable":true,"href":"https:\/\/projazz.cl\/web\/wp-json\/wp\/v2\/comments?post=332"}],"version-history":[{"count":6,"href":"https:\/\/projazz.cl\/web\/wp-json\/wp\/v2\/pages\/332\/revisions"}],"predecessor-version":[{"id":4495,"href":"https:\/\/projazz.cl\/web\/wp-json\/wp\/v2\/pages\/332\/revisions\/4495"}],"wp:featuredmedia":[{"embeddable":true,"href":"https:\/\/projazz.cl\/web\/wp-json\/wp\/v2\/media\/272"}],"wp:attachment":[{"href":"https:\/\/projazz.cl\/web\/wp-json\/wp\/v2\/media?parent=332"}],"curies":[{"name":"wp","href":"https:\/\/api.w.org\/{rel}","templated":true}]}}