{"id":321,"date":"2024-10-08T20:00:35","date_gmt":"2024-10-08T23:00:35","guid":{"rendered":"https:\/\/projazz.cl\/web\/?page_id=321"},"modified":"2025-02-04T17:47:11","modified_gmt":"2025-02-04T20:47:11","slug":"inicio-de-proceso-tne-2025","status":"publish","type":"page","link":"https:\/\/projazz.cl\/web\/inicio-de-proceso-tne-2025\/","title":{"rendered":"Tarjeta Nacional Estudiantil"},"content":{"rendered":"\n<h3 class=\"wp-block-heading\" id=\"h-informamos-que-la-junaeb-ya-comenzo-el-proceso-de-captura-fotografica-temprana-para-la-tarjeta-nacional-estudiantil-tne-2025\"><strong>Informamos que la Junaeb ya comenz\u00f3 el proceso de captura fotogr\u00e1fica temprana para la Tarjeta Nacional Estudiantil (TNE) 2025.<\/strong><\/h3>\n\n\n\n<p><\/p>\n\n\n\n<p>Si eres alumno\/a nuevo o antiguo matriculado en Projazz para este 2025 y&nbsp;<strong>NUNCA has tenido TNE de Educaci\u00f3n Superior,&nbsp;<\/strong>estos son los pasos a seguir para&nbsp;<a href=\"https:\/\/www.tne.cl\/\">obtener tu TNE<\/a>:<\/p>\n\n\n\n<p>1. Realizar el pago de $2.700 v\u00eda transferencia electr\u00f3nica a la siguiente cuenta:<\/p>\n\n\n\n<figure class=\"wp-block-table is-style-stripes\"><table class=\"has-fixed-layout\"><tbody><tr><td><strong>Nombre<\/strong><\/td><td>Instituto Profesional Projazz<\/td><\/tr><tr><td><strong>Rut<\/strong>&nbsp;&nbsp;&nbsp;&nbsp;<\/td><td>79.868.420-5<\/td><\/tr><tr><td><strong>Banco<\/strong>&nbsp;<\/td><td>Santander<\/td><\/tr><tr><td><strong>Cuenta<\/strong>&nbsp;<\/td><td>Cuenta Corriente N\u00b0 2567461-8<\/td><\/tr><tr><td><strong>Correo&nbsp;<\/strong><\/td><td>daf@projazz.cl<\/td><\/tr><\/tbody><\/table><\/figure>\n\n\n\n<p>(Importante, en asunto\/mensaje indicar: pago TNE y RUT&nbsp; alumno\/a para poder identificar el pago).<\/p>\n\n\n\n<p>2. Env\u00eda tu comprobante de dep\u00f3sito a&nbsp;<a href=\"mailto:dae@projazz.cl\">becas@projazz.cl<\/a>&nbsp;para realizar el registro de tu pago.<\/p>\n\n\n\n<p>3. Recibido y validado tu pago, te inscribimos en el sistema WEB TNE<\/p>\n\n\n\n<p>4. Posteriormente debes dirigirte directamente a la oficina de TNE m\u00e1s cercana para tomarte tu fotograf\u00eda.<\/p>\n\n\n\n<p>Todos los pagos ingresados y confirmados antes del 15 de febrero tendr\u00e1n la opci\u00f3n de recibir su TNE en el mes de marzo.<\/p>\n\n\n\n<p>En caso de consultas escribir a&nbsp;<a href=\"mailto:becas@projazz.cl\">becas@projazz.cl<\/a><\/p>\n\n\n\n<div style=\"height:40px\" aria-hidden=\"true\" class=\"wp-block-spacer\"><\/div>\n\n\n\n<h3 class=\"wp-block-heading\" id=\"h-proceso-de-revalidacion\"><strong>Proceso de Revalidaci\u00f3n:<\/strong><\/h3>\n\n\n\n<p><\/p>\n\n\n\n<p>Dirigido a todos los estudiantes que poseen una TNE de Educaci\u00f3n Superior emitida a partir del a\u00f1o 2015 o en a\u00f1os posteriores, y deseen renovar este beneficio para mantener el acceso a la tarifa rebajada,&nbsp;siempre y cuando mantengas la calidad de alumno regular.<\/p>\n\n\n\n<p>Los estudiantes que poseen una TNE activa con sello 2024, deben considerar que la vigencia de su TNE vence el&nbsp;31 de mayo de 2025.<\/p>\n\n\n\n<p><strong>Requisitos para Revalidar TNE:<\/strong><\/p>\n\n\n\n<ul class=\"wp-block-list\">\n<li>Poseer f\u00edsicamente tu TNE emitida a partir del a\u00f1o 2015 o en a\u00f1os posteriores de cualquier Instituci\u00f3n de Educaci\u00f3n Superior y que se encuentre en buenas condiciones.<\/li>\n\n\n\n<li>Estar matriculado en alguna de las Carreras del Instituto Profesional Projazz.<\/li>\n<\/ul>\n\n\n\n<ul class=\"wp-block-list\">\n<li>Realizar el pago de $1.100 v\u00eda transferencia electr\u00f3nica a la cuenta corriente de Projazz y enviar tu comprobante de dep\u00f3sito a\u00a0<strong><u><a href=\"mailto:dae@projazz.cl\" target=\"_blank\" rel=\"noreferrer noopener\">becas@projazz.cl<\/a><\/u><\/strong>\u00a0para realizar el registro de tu pago.<\/li>\n<\/ul>\n\n\n\n<p><\/p>\n","protected":false},"excerpt":{"rendered":"<p>Informamos que la Junaeb ya comenz\u00f3 el proceso de captura fotogr\u00e1fica temprana para la Tarjeta Nacional Estudiantil (TNE) 2025. Si eres alumno\/a nuevo o antiguo matriculado en Projazz para este 2025 y&nbsp;NUNCA has tenido TNE de Educaci\u00f3n Superior,&nbsp;estos son los pasos a seguir para&nbsp;obtener tu TNE: 1. Realizar el pago de $2.700 v\u00eda transferencia electr\u00f3nica &hellip;<\/p>\n<p class=\"read-more\"> <a class=\"\" href=\"https:\/\/projazz.cl\/web\/inicio-de-proceso-tne-2025\/\"> <span class=\"screen-reader-text\">Tarjeta Nacional Estudiantil<\/span> Read More &raquo;<\/a><\/p>\n","protected":false},"author":1,"featured_media":291,"parent":0,"menu_order":0,"comment_status":"closed","ping_status":"closed","template":"","meta":{"footnotes":""},"class_list":["post-321","page","type-page","status-publish","has-post-thumbnail","hentry"],"yoast_head":"<!-- This site is optimized with the Yoast SEO plugin v26.3 - https:\/\/yoast.com\/wordpress\/plugins\/seo\/ -->\n<title>Tarjeta Nacional Estudiantil - Projazz<\/title>\n<meta name=\"robots\" content=\"index, follow, max-snippet:-1, max-image-preview:large, max-video-preview:-1\" \/>\n<link rel=\"canonical\" href=\"https:\/\/projazz.cl\/web\/inicio-de-proceso-tne-2025\/\" \/>\n<meta property=\"og:locale\" content=\"es_ES\" \/>\n<meta property=\"og:type\" content=\"article\" \/>\n<meta property=\"og:title\" content=\"Tarjeta Nacional Estudiantil - Projazz\" \/>\n<meta property=\"og:description\" content=\"Informamos que la Junaeb ya comenz\u00f3 el proceso de captura fotogr\u00e1fica temprana para la Tarjeta Nacional Estudiantil (TNE) 2025. Si eres alumno\/a nuevo o antiguo matriculado en Projazz para este 2025 y&nbsp;NUNCA has tenido TNE de Educaci\u00f3n Superior,&nbsp;estos son los pasos a seguir para&nbsp;obtener tu TNE: 1. Realizar el pago de $2.700 v\u00eda transferencia electr\u00f3nica &hellip; Tarjeta Nacional Estudiantil Read More &raquo;\" \/>\n<meta property=\"og:url\" content=\"https:\/\/projazz.cl\/web\/inicio-de-proceso-tne-2025\/\" \/>\n<meta property=\"og:site_name\" content=\"Projazz\" \/>\n<meta property=\"article:publisher\" content=\"https:\/\/www.facebook.com\/projazzchile\" \/>\n<meta property=\"article:modified_time\" content=\"2025-02-04T20:47:11+00:00\" \/>\n<meta property=\"og:image\" content=\"https:\/\/projazz.cl\/web\/wp-content\/uploads\/2024\/10\/cover-slider-001.jpg\" \/>\n\t<meta property=\"og:image:width\" content=\"1920\" \/>\n\t<meta property=\"og:image:height\" content=\"800\" \/>\n\t<meta property=\"og:image:type\" content=\"image\/jpeg\" \/>\n<meta name=\"twitter:card\" content=\"summary_large_image\" \/>\n<meta name=\"twitter:label1\" content=\"Tiempo estimado de lectura\" \/>\n\t<meta name=\"twitter:data1\" content=\"2 minutos\" \/>\n<script type=\"application\/ld+json\" class=\"yoast-schema-graph\">{\"@context\":\"https:\/\/schema.org\",\"@graph\":[{\"@type\":\"WebPage\",\"@id\":\"https:\/\/projazz.cl\/web\/inicio-de-proceso-tne-2025\/\",\"url\":\"https:\/\/projazz.cl\/web\/inicio-de-proceso-tne-2025\/\",\"name\":\"Tarjeta Nacional Estudiantil - Projazz\",\"isPartOf\":{\"@id\":\"https:\/\/projazz.cl\/web\/#website\"},\"primaryImageOfPage\":{\"@id\":\"https:\/\/projazz.cl\/web\/inicio-de-proceso-tne-2025\/#primaryimage\"},\"image\":{\"@id\":\"https:\/\/projazz.cl\/web\/inicio-de-proceso-tne-2025\/#primaryimage\"},\"thumbnailUrl\":\"https:\/\/projazz.cl\/web\/wp-content\/uploads\/2024\/10\/cover-slider-001.jpg\",\"datePublished\":\"2024-10-08T23:00:35+00:00\",\"dateModified\":\"2025-02-04T20:47:11+00:00\",\"breadcrumb\":{\"@id\":\"https:\/\/projazz.cl\/web\/inicio-de-proceso-tne-2025\/#breadcrumb\"},\"inLanguage\":\"es-CL\",\"potentialAction\":[{\"@type\":\"ReadAction\",\"target\":[\"https:\/\/projazz.cl\/web\/inicio-de-proceso-tne-2025\/\"]}]},{\"@type\":\"ImageObject\",\"inLanguage\":\"es-CL\",\"@id\":\"https:\/\/projazz.cl\/web\/inicio-de-proceso-tne-2025\/#primaryimage\",\"url\":\"https:\/\/projazz.cl\/web\/wp-content\/uploads\/2024\/10\/cover-slider-001.jpg\",\"contentUrl\":\"https:\/\/projazz.cl\/web\/wp-content\/uploads\/2024\/10\/cover-slider-001.jpg\",\"width\":1920,\"height\":800},{\"@type\":\"BreadcrumbList\",\"@id\":\"https:\/\/projazz.cl\/web\/inicio-de-proceso-tne-2025\/#breadcrumb\",\"itemListElement\":[{\"@type\":\"ListItem\",\"position\":1,\"name\":\"Portada\",\"item\":\"https:\/\/projazz.cl\/web\/\"},{\"@type\":\"ListItem\",\"position\":2,\"name\":\"Tarjeta Nacional Estudiantil\"}]},{\"@type\":\"WebSite\",\"@id\":\"https:\/\/projazz.cl\/web\/#website\",\"url\":\"https:\/\/projazz.cl\/web\/\",\"name\":\"Projazz\",\"description\":\"Instituto Profesional \",\"publisher\":{\"@id\":\"https:\/\/projazz.cl\/web\/#organization\"},\"potentialAction\":[{\"@type\":\"SearchAction\",\"target\":{\"@type\":\"EntryPoint\",\"urlTemplate\":\"https:\/\/projazz.cl\/web\/?s={search_term_string}\"},\"query-input\":{\"@type\":\"PropertyValueSpecification\",\"valueRequired\":true,\"valueName\":\"search_term_string\"}}],\"inLanguage\":\"es-CL\"},{\"@type\":\"Organization\",\"@id\":\"https:\/\/projazz.cl\/web\/#organization\",\"name\":\"Projazz\",\"url\":\"https:\/\/projazz.cl\/web\/\",\"logo\":{\"@type\":\"ImageObject\",\"inLanguage\":\"es-CL\",\"@id\":\"https:\/\/projazz.cl\/web\/#\/schema\/logo\/image\/\",\"url\":\"https:\/\/projazz.cl\/web\/wp-content\/uploads\/2024\/10\/brand-projazz2.svg\",\"contentUrl\":\"https:\/\/projazz.cl\/web\/wp-content\/uploads\/2024\/10\/brand-projazz2.svg\",\"width\":161,\"height\":41,\"caption\":\"Projazz\"},\"image\":{\"@id\":\"https:\/\/projazz.cl\/web\/#\/schema\/logo\/image\/\"},\"sameAs\":[\"https:\/\/www.facebook.com\/projazzchile\",\"https:\/\/www.instagram.com\/projazzchile\"]}]}<\/script>\n<!-- \/ Yoast SEO plugin. -->","yoast_head_json":{"title":"Tarjeta Nacional Estudiantil - Projazz","robots":{"index":"index","follow":"follow","max-snippet":"max-snippet:-1","max-image-preview":"max-image-preview:large","max-video-preview":"max-video-preview:-1"},"canonical":"https:\/\/projazz.cl\/web\/inicio-de-proceso-tne-2025\/","og_locale":"es_ES","og_type":"article","og_title":"Tarjeta Nacional Estudiantil - Projazz","og_description":"Informamos que la Junaeb ya comenz\u00f3 el proceso de captura fotogr\u00e1fica temprana para la Tarjeta Nacional Estudiantil (TNE) 2025. Si eres alumno\/a nuevo o antiguo matriculado en Projazz para este 2025 y&nbsp;NUNCA has tenido TNE de Educaci\u00f3n Superior,&nbsp;estos son los pasos a seguir para&nbsp;obtener tu TNE: 1. Realizar el pago de $2.700 v\u00eda transferencia electr\u00f3nica &hellip; Tarjeta Nacional Estudiantil Read More &raquo;","og_url":"https:\/\/projazz.cl\/web\/inicio-de-proceso-tne-2025\/","og_site_name":"Projazz","article_publisher":"https:\/\/www.facebook.com\/projazzchile","article_modified_time":"2025-02-04T20:47:11+00:00","og_image":[{"width":1920,"height":800,"url":"https:\/\/projazz.cl\/web\/wp-content\/uploads\/2024\/10\/cover-slider-001.jpg","type":"image\/jpeg"}],"twitter_card":"summary_large_image","twitter_misc":{"Tiempo estimado de lectura":"2 minutos"},"schema":{"@context":"https:\/\/schema.org","@graph":[{"@type":"WebPage","@id":"https:\/\/projazz.cl\/web\/inicio-de-proceso-tne-2025\/","url":"https:\/\/projazz.cl\/web\/inicio-de-proceso-tne-2025\/","name":"Tarjeta Nacional Estudiantil - Projazz","isPartOf":{"@id":"https:\/\/projazz.cl\/web\/#website"},"primaryImageOfPage":{"@id":"https:\/\/projazz.cl\/web\/inicio-de-proceso-tne-2025\/#primaryimage"},"image":{"@id":"https:\/\/projazz.cl\/web\/inicio-de-proceso-tne-2025\/#primaryimage"},"thumbnailUrl":"https:\/\/projazz.cl\/web\/wp-content\/uploads\/2024\/10\/cover-slider-001.jpg","datePublished":"2024-10-08T23:00:35+00:00","dateModified":"2025-02-04T20:47:11+00:00","breadcrumb":{"@id":"https:\/\/projazz.cl\/web\/inicio-de-proceso-tne-2025\/#breadcrumb"},"inLanguage":"es-CL","potentialAction":[{"@type":"ReadAction","target":["https:\/\/projazz.cl\/web\/inicio-de-proceso-tne-2025\/"]}]},{"@type":"ImageObject","inLanguage":"es-CL","@id":"https:\/\/projazz.cl\/web\/inicio-de-proceso-tne-2025\/#primaryimage","url":"https:\/\/projazz.cl\/web\/wp-content\/uploads\/2024\/10\/cover-slider-001.jpg","contentUrl":"https:\/\/projazz.cl\/web\/wp-content\/uploads\/2024\/10\/cover-slider-001.jpg","width":1920,"height":800},{"@type":"BreadcrumbList","@id":"https:\/\/projazz.cl\/web\/inicio-de-proceso-tne-2025\/#breadcrumb","itemListElement":[{"@type":"ListItem","position":1,"name":"Portada","item":"https:\/\/projazz.cl\/web\/"},{"@type":"ListItem","position":2,"name":"Tarjeta Nacional Estudiantil"}]},{"@type":"WebSite","@id":"https:\/\/projazz.cl\/web\/#website","url":"https:\/\/projazz.cl\/web\/","name":"Projazz","description":"Instituto Profesional ","publisher":{"@id":"https:\/\/projazz.cl\/web\/#organization"},"potentialAction":[{"@type":"SearchAction","target":{"@type":"EntryPoint","urlTemplate":"https:\/\/projazz.cl\/web\/?s={search_term_string}"},"query-input":{"@type":"PropertyValueSpecification","valueRequired":true,"valueName":"search_term_string"}}],"inLanguage":"es-CL"},{"@type":"Organization","@id":"https:\/\/projazz.cl\/web\/#organization","name":"Projazz","url":"https:\/\/projazz.cl\/web\/","logo":{"@type":"ImageObject","inLanguage":"es-CL","@id":"https:\/\/projazz.cl\/web\/#\/schema\/logo\/image\/","url":"https:\/\/projazz.cl\/web\/wp-content\/uploads\/2024\/10\/brand-projazz2.svg","contentUrl":"https:\/\/projazz.cl\/web\/wp-content\/uploads\/2024\/10\/brand-projazz2.svg","width":161,"height":41,"caption":"Projazz"},"image":{"@id":"https:\/\/projazz.cl\/web\/#\/schema\/logo\/image\/"},"sameAs":["https:\/\/www.facebook.com\/projazzchile","https:\/\/www.instagram.com\/projazzchile"]}]}},"_links":{"self":[{"href":"https:\/\/projazz.cl\/web\/wp-json\/wp\/v2\/pages\/321","targetHints":{"allow":["GET"]}}],"collection":[{"href":"https:\/\/projazz.cl\/web\/wp-json\/wp\/v2\/pages"}],"about":[{"href":"https:\/\/projazz.cl\/web\/wp-json\/wp\/v2\/types\/page"}],"author":[{"embeddable":true,"href":"https:\/\/projazz.cl\/web\/wp-json\/wp\/v2\/users\/1"}],"replies":[{"embeddable":true,"href":"https:\/\/projazz.cl\/web\/wp-json\/wp\/v2\/comments?post=321"}],"version-history":[{"count":14,"href":"https:\/\/projazz.cl\/web\/wp-json\/wp\/v2\/pages\/321\/revisions"}],"predecessor-version":[{"id":5513,"href":"https:\/\/projazz.cl\/web\/wp-json\/wp\/v2\/pages\/321\/revisions\/5513"}],"wp:featuredmedia":[{"embeddable":true,"href":"https:\/\/projazz.cl\/web\/wp-json\/wp\/v2\/media\/291"}],"wp:attachment":[{"href":"https:\/\/projazz.cl\/web\/wp-json\/wp\/v2\/media?parent=321"}],"curies":[{"name":"wp","href":"https:\/\/api.w.org\/{rel}","templated":true}]}}