{"id":250,"date":"2024-10-08T18:38:17","date_gmt":"2024-10-08T21:38:17","guid":{"rendered":"https:\/\/projazz.cl\/web\/?page_id=250"},"modified":"2024-10-08T19:14:31","modified_gmt":"2024-10-08T22:14:31","slug":"vision-mision-valores-y-propositos","status":"publish","type":"page","link":"https:\/\/projazz.cl\/web\/vision-mision-valores-y-propositos\/","title":{"rendered":"Visi\u00f3n, Misi\u00f3n, Valores y Prop\u00f3sitos"},"content":{"rendered":"\n<h3 class=\"wp-block-heading\"><strong>Visi\u00f3n<\/strong><\/h3>\n\n\n\n<p>Entregar una educaci\u00f3n superior especializada y reconocida en el \u00e1mbito del jazz y la m\u00fasica popular. Consolidando un modelo de desarrollo institucional pertinente, consistente y sustentable en sus principios y enfoque formativo.<\/p>\n\n\n\n<h3 class=\"wp-block-heading\"><strong>Misi\u00f3n<\/strong><\/h3>\n\n\n\n<p>Brindar formaci\u00f3n integral a artistas de alto nivel creativo, cr\u00edtico e interpretativo en el \u00e1mbito de la m\u00fasica popular, aportando al desarrollo y crecimiento del medio art\u00edstico y la industria cultural nacional e internacional. Lo anterior mediante un modelo formativo centrado en el estudiante, bajo un aprendizaje basado en competencias, fortaleciendo as\u00ed su itinerario formativo con elevados est\u00e1ndares de calidad y pertinencia.<\/p>\n\n\n\n<h3 class=\"wp-block-heading\"><strong>Valores<\/strong><\/h3>\n\n\n\n<p><strong>M\u00fasica<\/strong><\/p>\n\n\n\n<p>La M\u00fasica es la esencia de nuestro quehacer. Consideramos a la m\u00fasica como una dimensi\u00f3n esencial del ser humano, de nuestra sociedad y un elemento esencial para su equilibrado desarrollo.&nbsp; La m\u00fasica tiene un gran poder transformador fomenta la creatividad y el esp\u00edritu cr\u00edtico, inspira la colaboraci\u00f3n, cierra brechas y derriba barreras.<\/p>\n\n\n\n<p><strong>Jazz<\/strong><\/p>\n\n\n\n<p>El Jazz, como forma de arte musical, integra el acervo de la tradici\u00f3n musical occidental valorando la expresi\u00f3n creativa del momento presente, operando dentro del contexto de una comunidad de colaboradores cuyas expresiones co-crean un todo que es mayor que la suma de sus partes.<\/p>\n\n\n\n<p><strong>Formaci\u00f3n Integral<\/strong><\/p>\n\n\n\n<p>Reconocemos un mundo cambiante y la complejidad del mercado laboral para los m\u00fasicos profesionales, en consecuencia, valoramos un aprendizaje centrado en el estudiante a trav\u00e9s de competencias que fomentan la creatividad, la expresi\u00f3n personal e integran los contextos culturales y tecno econ\u00f3micos y el aporte que de ello se desprende a nuestra sociedad.<\/p>\n\n\n\n<p><strong>Diversidad<\/strong><\/p>\n\n\n\n<p>Fomentamos, celebramos y adoptamos los principios de inclusi\u00f3n, representaci\u00f3n, apertura y diversidad no solo en el cuerpo docente, el personal y los estudiantes, sino tambi\u00e9n en la m\u00fasica que se estudia y se interpreta.<\/p>\n\n\n\n<h3 class=\"wp-block-heading\"><strong>Prop\u00f3sitos<\/strong><\/h3>\n\n\n\n<p><strong>Formaci\u00f3n Profesional y T\u00e9cnico de Nivel superior en el \u00e1mbito de la M\u00fasica Popular y el Jazz<\/strong><br>Ofrecer e impartir carreras conducentes a un t\u00edtulo profesional y\/o t\u00e9cnico de nivel superior, en el \u00e1mbito de m\u00fasica popular y el jazz estableciendo un espacio de educaci\u00f3n formal para toda persona con vocaci\u00f3n art\u00edstica que desee aportar al desarrollo cultural de nuestra sociedad.<\/p>\n\n\n\n<p><strong>Desarrollo Institucional<\/strong><br>Propiciar un desarrollo institucional sustentable financieramente, caracterizado por una estructura horizontal y por un tama\u00f1o adecuado a su proyecto, que posibilite las relaciones fluidas entre los miembros de la comunidad educativa, promoviendo el aseguramiento de la calidad en todos los procesos institucionales.<\/p>\n\n\n\n<p><strong>Educaci\u00f3n de Calidad<\/strong><br>Consolidar un modelo formativo de corte integral con base a un aprendizaje basado en competencias, que responda a las especificidades de la formaci\u00f3n art\u00edstico- musical, a las necesidades provenientes del \u00e1mbito econ\u00f3mico creativo y que permita asegurar la mejora continua de los procesos acad\u00e9micos.<\/p>\n\n\n\n<p><strong>Colaboraci\u00f3n<\/strong><br>Establecer convenios y acuerdos con diversas instituciones educativas y art\u00edsticas, nacionales e internacionales, para desarrollar programas en conjunto, programas de articulaci\u00f3n, de intercambio cultural, estudiantil y docente.<\/p>\n\n\n\n<p><strong>Vinculaci\u00f3n con el Medio<\/strong><br>Dise\u00f1ar estrategias y espacios de Vinculaci\u00f3n con el Medio a trav\u00e9s de extensi\u00f3n cultural y acad\u00e9mica, y con personas y organizaciones p\u00fablicas y privadas para generar oportunidades laborales a nuestros estudiantes y egresados.<\/p>\n\n\n\n<p><\/p>\n","protected":false},"excerpt":{"rendered":"<p>Visi\u00f3n Entregar una educaci\u00f3n superior especializada y reconocida en el \u00e1mbito del jazz y la m\u00fasica popular. Consolidando un modelo de desarrollo institucional pertinente, consistente y sustentable en sus principios y enfoque formativo. Misi\u00f3n Brindar formaci\u00f3n integral a artistas de alto nivel creativo, cr\u00edtico e interpretativo en el \u00e1mbito de la m\u00fasica popular, aportando al &hellip;<\/p>\n<p class=\"read-more\"> <a class=\"\" href=\"https:\/\/projazz.cl\/web\/vision-mision-valores-y-propositos\/\"> <span class=\"screen-reader-text\">Visi\u00f3n, Misi\u00f3n, Valores y Prop\u00f3sitos<\/span> Read More &raquo;<\/a><\/p>\n","protected":false},"author":1,"featured_media":272,"parent":0,"menu_order":0,"comment_status":"closed","ping_status":"closed","template":"","meta":{"footnotes":""},"class_list":["post-250","page","type-page","status-publish","has-post-thumbnail","hentry"],"yoast_head":"<!-- This site is optimized with the Yoast SEO plugin v26.3 - https:\/\/yoast.com\/wordpress\/plugins\/seo\/ -->\n<title>Visi\u00f3n, Misi\u00f3n, Valores y Prop\u00f3sitos - Projazz<\/title>\n<meta name=\"robots\" content=\"index, follow, max-snippet:-1, max-image-preview:large, max-video-preview:-1\" \/>\n<link rel=\"canonical\" href=\"https:\/\/projazz.cl\/web\/vision-mision-valores-y-propositos\/\" \/>\n<meta property=\"og:locale\" content=\"es_ES\" \/>\n<meta property=\"og:type\" content=\"article\" \/>\n<meta property=\"og:title\" content=\"Visi\u00f3n, Misi\u00f3n, Valores y Prop\u00f3sitos - Projazz\" \/>\n<meta property=\"og:description\" content=\"Visi\u00f3n Entregar una educaci\u00f3n superior especializada y reconocida en el \u00e1mbito del jazz y la m\u00fasica popular. Consolidando un modelo de desarrollo institucional pertinente, consistente y sustentable en sus principios y enfoque formativo. Misi\u00f3n Brindar formaci\u00f3n integral a artistas de alto nivel creativo, cr\u00edtico e interpretativo en el \u00e1mbito de la m\u00fasica popular, aportando al &hellip; Visi\u00f3n, Misi\u00f3n, Valores y Prop\u00f3sitos Read More &raquo;\" \/>\n<meta property=\"og:url\" content=\"https:\/\/projazz.cl\/web\/vision-mision-valores-y-propositos\/\" \/>\n<meta property=\"og:site_name\" content=\"Projazz\" \/>\n<meta property=\"article:publisher\" content=\"https:\/\/www.facebook.com\/projazzchile\" \/>\n<meta property=\"article:modified_time\" content=\"2024-10-08T22:14:31+00:00\" \/>\n<meta property=\"og:image\" content=\"https:\/\/projazz.cl\/web\/wp-content\/uploads\/2024\/10\/slider-15.jpg\" \/>\n\t<meta property=\"og:image:width\" content=\"2540\" \/>\n\t<meta property=\"og:image:height\" content=\"1429\" \/>\n\t<meta property=\"og:image:type\" content=\"image\/jpeg\" \/>\n<meta name=\"twitter:card\" content=\"summary_large_image\" \/>\n<meta name=\"twitter:label1\" content=\"Tiempo estimado de lectura\" \/>\n\t<meta name=\"twitter:data1\" content=\"3 minutos\" \/>\n<script type=\"application\/ld+json\" class=\"yoast-schema-graph\">{\"@context\":\"https:\/\/schema.org\",\"@graph\":[{\"@type\":\"WebPage\",\"@id\":\"https:\/\/projazz.cl\/web\/vision-mision-valores-y-propositos\/\",\"url\":\"https:\/\/projazz.cl\/web\/vision-mision-valores-y-propositos\/\",\"name\":\"Visi\u00f3n, Misi\u00f3n, Valores y Prop\u00f3sitos - Projazz\",\"isPartOf\":{\"@id\":\"https:\/\/projazz.cl\/web\/#website\"},\"primaryImageOfPage\":{\"@id\":\"https:\/\/projazz.cl\/web\/vision-mision-valores-y-propositos\/#primaryimage\"},\"image\":{\"@id\":\"https:\/\/projazz.cl\/web\/vision-mision-valores-y-propositos\/#primaryimage\"},\"thumbnailUrl\":\"https:\/\/projazz.cl\/web\/wp-content\/uploads\/2024\/10\/slider-15.jpg\",\"datePublished\":\"2024-10-08T21:38:17+00:00\",\"dateModified\":\"2024-10-08T22:14:31+00:00\",\"breadcrumb\":{\"@id\":\"https:\/\/projazz.cl\/web\/vision-mision-valores-y-propositos\/#breadcrumb\"},\"inLanguage\":\"es-CL\",\"potentialAction\":[{\"@type\":\"ReadAction\",\"target\":[\"https:\/\/projazz.cl\/web\/vision-mision-valores-y-propositos\/\"]}]},{\"@type\":\"ImageObject\",\"inLanguage\":\"es-CL\",\"@id\":\"https:\/\/projazz.cl\/web\/vision-mision-valores-y-propositos\/#primaryimage\",\"url\":\"https:\/\/projazz.cl\/web\/wp-content\/uploads\/2024\/10\/slider-15.jpg\",\"contentUrl\":\"https:\/\/projazz.cl\/web\/wp-content\/uploads\/2024\/10\/slider-15.jpg\",\"width\":2540,\"height\":1429},{\"@type\":\"BreadcrumbList\",\"@id\":\"https:\/\/projazz.cl\/web\/vision-mision-valores-y-propositos\/#breadcrumb\",\"itemListElement\":[{\"@type\":\"ListItem\",\"position\":1,\"name\":\"Portada\",\"item\":\"https:\/\/projazz.cl\/web\/\"},{\"@type\":\"ListItem\",\"position\":2,\"name\":\"Visi\u00f3n, Misi\u00f3n, Valores y Prop\u00f3sitos\"}]},{\"@type\":\"WebSite\",\"@id\":\"https:\/\/projazz.cl\/web\/#website\",\"url\":\"https:\/\/projazz.cl\/web\/\",\"name\":\"Projazz\",\"description\":\"Instituto Profesional \",\"publisher\":{\"@id\":\"https:\/\/projazz.cl\/web\/#organization\"},\"potentialAction\":[{\"@type\":\"SearchAction\",\"target\":{\"@type\":\"EntryPoint\",\"urlTemplate\":\"https:\/\/projazz.cl\/web\/?s={search_term_string}\"},\"query-input\":{\"@type\":\"PropertyValueSpecification\",\"valueRequired\":true,\"valueName\":\"search_term_string\"}}],\"inLanguage\":\"es-CL\"},{\"@type\":\"Organization\",\"@id\":\"https:\/\/projazz.cl\/web\/#organization\",\"name\":\"Projazz\",\"url\":\"https:\/\/projazz.cl\/web\/\",\"logo\":{\"@type\":\"ImageObject\",\"inLanguage\":\"es-CL\",\"@id\":\"https:\/\/projazz.cl\/web\/#\/schema\/logo\/image\/\",\"url\":\"https:\/\/projazz.cl\/web\/wp-content\/uploads\/2024\/10\/brand-projazz2.svg\",\"contentUrl\":\"https:\/\/projazz.cl\/web\/wp-content\/uploads\/2024\/10\/brand-projazz2.svg\",\"width\":161,\"height\":41,\"caption\":\"Projazz\"},\"image\":{\"@id\":\"https:\/\/projazz.cl\/web\/#\/schema\/logo\/image\/\"},\"sameAs\":[\"https:\/\/www.facebook.com\/projazzchile\",\"https:\/\/www.instagram.com\/projazzchile\"]}]}<\/script>\n<!-- \/ Yoast SEO plugin. -->","yoast_head_json":{"title":"Visi\u00f3n, Misi\u00f3n, Valores y Prop\u00f3sitos - Projazz","robots":{"index":"index","follow":"follow","max-snippet":"max-snippet:-1","max-image-preview":"max-image-preview:large","max-video-preview":"max-video-preview:-1"},"canonical":"https:\/\/projazz.cl\/web\/vision-mision-valores-y-propositos\/","og_locale":"es_ES","og_type":"article","og_title":"Visi\u00f3n, Misi\u00f3n, Valores y Prop\u00f3sitos - Projazz","og_description":"Visi\u00f3n Entregar una educaci\u00f3n superior especializada y reconocida en el \u00e1mbito del jazz y la m\u00fasica popular. Consolidando un modelo de desarrollo institucional pertinente, consistente y sustentable en sus principios y enfoque formativo. Misi\u00f3n Brindar formaci\u00f3n integral a artistas de alto nivel creativo, cr\u00edtico e interpretativo en el \u00e1mbito de la m\u00fasica popular, aportando al &hellip; Visi\u00f3n, Misi\u00f3n, Valores y Prop\u00f3sitos Read More &raquo;","og_url":"https:\/\/projazz.cl\/web\/vision-mision-valores-y-propositos\/","og_site_name":"Projazz","article_publisher":"https:\/\/www.facebook.com\/projazzchile","article_modified_time":"2024-10-08T22:14:31+00:00","og_image":[{"width":2540,"height":1429,"url":"https:\/\/projazz.cl\/web\/wp-content\/uploads\/2024\/10\/slider-15.jpg","type":"image\/jpeg"}],"twitter_card":"summary_large_image","twitter_misc":{"Tiempo estimado de lectura":"3 minutos"},"schema":{"@context":"https:\/\/schema.org","@graph":[{"@type":"WebPage","@id":"https:\/\/projazz.cl\/web\/vision-mision-valores-y-propositos\/","url":"https:\/\/projazz.cl\/web\/vision-mision-valores-y-propositos\/","name":"Visi\u00f3n, Misi\u00f3n, Valores y Prop\u00f3sitos - Projazz","isPartOf":{"@id":"https:\/\/projazz.cl\/web\/#website"},"primaryImageOfPage":{"@id":"https:\/\/projazz.cl\/web\/vision-mision-valores-y-propositos\/#primaryimage"},"image":{"@id":"https:\/\/projazz.cl\/web\/vision-mision-valores-y-propositos\/#primaryimage"},"thumbnailUrl":"https:\/\/projazz.cl\/web\/wp-content\/uploads\/2024\/10\/slider-15.jpg","datePublished":"2024-10-08T21:38:17+00:00","dateModified":"2024-10-08T22:14:31+00:00","breadcrumb":{"@id":"https:\/\/projazz.cl\/web\/vision-mision-valores-y-propositos\/#breadcrumb"},"inLanguage":"es-CL","potentialAction":[{"@type":"ReadAction","target":["https:\/\/projazz.cl\/web\/vision-mision-valores-y-propositos\/"]}]},{"@type":"ImageObject","inLanguage":"es-CL","@id":"https:\/\/projazz.cl\/web\/vision-mision-valores-y-propositos\/#primaryimage","url":"https:\/\/projazz.cl\/web\/wp-content\/uploads\/2024\/10\/slider-15.jpg","contentUrl":"https:\/\/projazz.cl\/web\/wp-content\/uploads\/2024\/10\/slider-15.jpg","width":2540,"height":1429},{"@type":"BreadcrumbList","@id":"https:\/\/projazz.cl\/web\/vision-mision-valores-y-propositos\/#breadcrumb","itemListElement":[{"@type":"ListItem","position":1,"name":"Portada","item":"https:\/\/projazz.cl\/web\/"},{"@type":"ListItem","position":2,"name":"Visi\u00f3n, Misi\u00f3n, Valores y Prop\u00f3sitos"}]},{"@type":"WebSite","@id":"https:\/\/projazz.cl\/web\/#website","url":"https:\/\/projazz.cl\/web\/","name":"Projazz","description":"Instituto Profesional ","publisher":{"@id":"https:\/\/projazz.cl\/web\/#organization"},"potentialAction":[{"@type":"SearchAction","target":{"@type":"EntryPoint","urlTemplate":"https:\/\/projazz.cl\/web\/?s={search_term_string}"},"query-input":{"@type":"PropertyValueSpecification","valueRequired":true,"valueName":"search_term_string"}}],"inLanguage":"es-CL"},{"@type":"Organization","@id":"https:\/\/projazz.cl\/web\/#organization","name":"Projazz","url":"https:\/\/projazz.cl\/web\/","logo":{"@type":"ImageObject","inLanguage":"es-CL","@id":"https:\/\/projazz.cl\/web\/#\/schema\/logo\/image\/","url":"https:\/\/projazz.cl\/web\/wp-content\/uploads\/2024\/10\/brand-projazz2.svg","contentUrl":"https:\/\/projazz.cl\/web\/wp-content\/uploads\/2024\/10\/brand-projazz2.svg","width":161,"height":41,"caption":"Projazz"},"image":{"@id":"https:\/\/projazz.cl\/web\/#\/schema\/logo\/image\/"},"sameAs":["https:\/\/www.facebook.com\/projazzchile","https:\/\/www.instagram.com\/projazzchile"]}]}},"_links":{"self":[{"href":"https:\/\/projazz.cl\/web\/wp-json\/wp\/v2\/pages\/250","targetHints":{"allow":["GET"]}}],"collection":[{"href":"https:\/\/projazz.cl\/web\/wp-json\/wp\/v2\/pages"}],"about":[{"href":"https:\/\/projazz.cl\/web\/wp-json\/wp\/v2\/types\/page"}],"author":[{"embeddable":true,"href":"https:\/\/projazz.cl\/web\/wp-json\/wp\/v2\/users\/1"}],"replies":[{"embeddable":true,"href":"https:\/\/projazz.cl\/web\/wp-json\/wp\/v2\/comments?post=250"}],"version-history":[{"count":3,"href":"https:\/\/projazz.cl\/web\/wp-json\/wp\/v2\/pages\/250\/revisions"}],"predecessor-version":[{"id":266,"href":"https:\/\/projazz.cl\/web\/wp-json\/wp\/v2\/pages\/250\/revisions\/266"}],"wp:featuredmedia":[{"embeddable":true,"href":"https:\/\/projazz.cl\/web\/wp-json\/wp\/v2\/media\/272"}],"wp:attachment":[{"href":"https:\/\/projazz.cl\/web\/wp-json\/wp\/v2\/media?parent=250"}],"curies":[{"name":"wp","href":"https:\/\/api.w.org\/{rel}","templated":true}]}}